{"id":502,"date":"2025-04-18T12:46:10","date_gmt":"2025-04-18T12:46:10","guid":{"rendered":"https:\/\/bambinos.pt\/?page_id=502"},"modified":"2025-04-19T16:04:51","modified_gmt":"2025-04-19T16:04:51","slug":"quem-somos","status":"publish","type":"page","link":"https:\/\/bambinos.pt\/en\/quem-somos\/","title":{"rendered":"Quem Somos"},"content":{"rendered":"\t\t<div data-elementor-type=\"wp-page\" data-elementor-id=\"502\" class=\"elementor elementor-502\">\n\t\t\t\t<div class=\"elementor-element elementor-element-60cdfd5 e-flex e-con-boxed wpr-particle-no wpr-jarallax-no wpr-parallax-no wpr-sticky-section-no wpr-equal-height-no e-con e-parent\" data-id=\"60cdfd5\" data-element_type=\"container\" data-e-type=\"container\" data-settings=\"{&quot;background_background&quot;:&quot;slideshow&quot;,&quot;shape_divider_top&quot;:&quot;zigzag&quot;,&quot;background_slideshow_gallery&quot;:[{&quot;id&quot;:266,&quot;url&quot;:&quot;https:\\\/\\\/bambinos.pt\\\/wp-content\\\/uploads\\\/2025\\\/04\\\/359429119_754263093373387_1448445902655675174_n.jpg&quot;},{&quot;id&quot;:268,&quot;url&quot;:&quot;https:\\\/\\\/bambinos.pt\\\/wp-content\\\/uploads\\\/2025\\\/04\\\/465073903_18173856532307887_8612714193144815158_n.jpg&quot;},{&quot;id&quot;:283,&quot;url&quot;:&quot;https:\\\/\\\/bambinos.pt\\\/wp-content\\\/uploads\\\/2025\\\/04\\\/472476000_18181228285307887_4656227569746130867_n.jpg&quot;},{&quot;id&quot;:287,&quot;url&quot;:&quot;https:\\\/\\\/bambinos.pt\\\/wp-content\\\/uploads\\\/2025\\\/04\\\/482129523_1194382786028080_8725560846553170922_n.jpg&quot;},{&quot;id&quot;:277,&quot;url&quot;:&quot;https:\\\/\\\/bambinos.pt\\\/wp-content\\\/uploads\\\/2025\\\/04\\\/469351153_18177470698307887_2669315795595227982_n.jpg&quot;},{&quot;id&quot;:261,&quot;url&quot;:&quot;https:\\\/\\\/bambinos.pt\\\/wp-content\\\/uploads\\\/2025\\\/04\\\/353390532_732959875503709_2748178388457437161_n.jpg&quot;},{&quot;id&quot;:264,&quot;url&quot;:&quot;https:\\\/\\\/bambinos.pt\\\/wp-content\\\/uploads\\\/2025\\\/04\\\/357830640_748329140633449_1610922144028583664_n.jpg&quot;},{&quot;id&quot;:265,&quot;url&quot;:&quot;https:\\\/\\\/bambinos.pt\\\/wp-content\\\/uploads\\\/2025\\\/04\\\/359370380_754263090040054_2744329671266658583_n.jpg&quot;}],&quot;background_slideshow_ken_burns&quot;:&quot;yes&quot;,&quot;background_slideshow_ken_burns_zoom_direction&quot;:&quot;out&quot;,&quot;background_slideshow_loop&quot;:&quot;yes&quot;,&quot;background_slideshow_slide_duration&quot;:5000,&quot;background_slideshow_slide_transition&quot;:&quot;fade&quot;,&quot;background_slideshow_transition_duration&quot;:500}\">\n\t\t\t\t\t<div class=\"e-con-inner\">\n\t\t\t\t<div class=\"elementor-shape elementor-shape-top\" aria-hidden=\"true\" data-negative=\"false\">\n\t\t\t<svg xmlns=\"http:\/\/www.w3.org\/2000\/svg\" viewBox=\"0 0 1800 5.8\" preserveAspectRatio=\"none\">\n  <path class=\"elementor-shape-fill\" d=\"M5.4.4l5.4 5.3L16.5.4l5.4 5.3L27.5.4 33 5.7 38.6.4l5.5 5.4h.1L49.9.4l5.4 5.3L60.9.4l5.5 5.3L72 .4l5.5 5.3L83.1.4l5.4 5.3L94.1.4l5.5 5.4h.2l5.6-5.4 5.5 5.3 5.6-5.3 5.4 5.3 5.6-5.3 5.5 5.3 5.6-5.3 5.5 5.4h.2l5.6-5.4 5.4 5.3L161 .4l5.4 5.3L172 .4l5.5 5.3 5.6-5.3 5.4 5.3 5.7-5.3 5.4 5.4h.2l5.6-5.4 5.5 5.3 5.6-5.3 5.5 5.3 5.6-5.3 5.4 5.3 5.6-5.3 5.5 5.4h.2l5.6-5.4 5.5 5.3L261 .4l5.4 5.3L272 .4l5.5 5.3 5.6-5.3 5.5 5.3 5.6-5.3 5.5 5.4h.1l5.7-5.4 5.4 5.3 5.6-5.3 5.5 5.3 5.6-5.3 5.4 5.3 5.7-5.3 5.4 5.4h.2l5.6-5.4 5.5 5.3L361 .4l5.5 5.3 5.6-5.3 5.4 5.3 5.6-5.3 5.5 5.3 5.6-5.3 5.5 5.4h.1l5.7-5.4 5.4 5.3 5.6-5.3 5.5 5.3 5.6-5.3 5.5 5.3 5.6-5.3 5.5 5.4h.1l5.6-5.4 5.5 5.3L461 .4l5.5 5.3 5.6-5.3 5.4 5.3 5.7-5.3 5.4 5.3 5.6-5.3 5.5 5.4h.2l5.6-5.4 5.5 5.3 5.6-5.3 5.4 5.3 5.6-5.3 5.5 5.3 5.6-5.3 5.5 5.4h.1L550 .4l5.4 5.3L561 .4l5.5 5.3 5.6-5.3 5.5 5.3 5.6-5.3 5.4 5.3 5.6-5.3 5.5 5.4h.2l5.6-5.4 5.5 5.3 5.6-5.3 5.4 5.3 5.7-5.3 5.4 5.3 5.6-5.3 5.5 5.4h.2L650 .4l5.5 5.3 5.6-5.3 5.4 5.3 5.6-5.3 5.5 5.3 5.6-5.3 5.5 5.3 5.6-5.3 5.4 5.4h.2l5.6-5.4 5.5 5.3 5.6-5.3 5.5 5.3 5.6-5.3 5.4 5.3 5.6-5.3 5.5 5.4h.2L750 .4l5.5 5.3 5.6-5.3 5.4 5.3 5.7-5.3 5.4 5.3 5.6-5.3 5.5 5.3 5.6-5.3 5.5 5.4h.1l5.7-5.4 5.4 5.3 5.6-5.3 5.5 5.3 5.6-5.3 5.5 5.3 5.6-5.3 5.4 5.4h.2L850 .4l5.5 5.3 5.6-5.3 5.5 5.3 5.6-5.3 5.4 5.3 5.6-5.3 5.5 5.3 5.6-5.3 5.5 5.4h.2l5.6-5.4 5.4 5.3 5.7-5.3 5.4 5.3 5.6-5.3 5.5 5.3 5.6-5.3 5.5 5.4h.1l5.7-5.4 5.4 5.3 5.6-5.3 5.5 5.3 5.6-5.3 5.5 5.3 5.6-5.3 5.4 5.3 5.6-5.3 5.5 5.4h.2l5.6-5.4 5.5 5.3 5.6-5.3 5.4 5.3 5.6-5.3 5.5 5.3 5.6-5.3 5.5 5.4h.2l5.6-5.4 5.4 5.3 5.7-5.3 5.4 5.3 5.6-5.3 5.5 5.3 5.6-5.3 5.5 5.3 5.6-5.3 5.4 5.4h.2l5.6-5.4 5.5 5.3 5.6-5.3 5.5 5.3 5.6-5.3 5.4 5.3 5.6-5.3 5.5 5.4h.2l5.6-5.4 5.5 5.3 5.6-5.3 5.4 5.3 5.6-5.3 5.5 5.3 5.6-5.3 5.5 5.3 5.6-5.3 5.5 5.4h.1l5.7-5.4 5.4 5.3 5.6-5.3 5.5 5.3 5.6-5.3 5.5 5.3 5.6-5.3 5.4 5.4h.2l5.6-5.4 5.5 5.3 5.6-5.3 5.5 5.3 5.6-5.3 5.4 5.3 5.6-5.3 5.5 5.3 5.6-5.3 5.5 5.4h.2l5.6-5.4 5.4 5.3 5.6-5.3 5.5 5.3 5.6-5.3 5.5 5.3 5.6-5.3 5.5 5.4h.1l5.7-5.4 5.4 5.3 5.6-5.3 5.5 5.3 5.6-5.3 5.5 5.3 5.6-5.3 5.4 5.3 5.6-5.3 5.5 5.4h.2l5.6-5.4 5.5 5.3 5.6-5.3 5.4 5.3 5.6-5.3 5.5 5.3 5.6-5.3 5.5 5.4h.2l5.6-5.4 5.4 5.3 5.6-5.3 5.5 5.3 5.6-5.3 5.5 5.3 5.6-5.3 5.4 5.3 5.7-5.3 5.4 5.4h.2l5.6-5.4 5.5 5.3 5.6-5.3 5.5 5.3 5.6-5.3 5.4 5.3 5.6-5.3 5.5 5.4h.2l5.6-5.4 5.5 5.3 5.6-5.3 5.4 5.3 5.6-5.3 5.5 5.3 5.6-5.3 5.5 5.3 5.6-5.3 5.5 5.4h.1l5.6-5.4 5.5 5.3 5.6-5.3 5.5 5.3 5.6-5.3 5.4 5.3 5.7-5.3 5.4 5.4h.2l5.6-5.4 5.5 5.3 5.6-5.3 5.5 5.3 5.6-5.3 5.4 5.3 5.6-5.3 5.5 5.3 5.6-5.3 5.5 5.4h.1l5.7-5.4 5.4 5.3 5.6-5.3 5.5 5.3 5.6-5.3 5.5 5.3 5.6-5.3 5.5 5.4h.1l5.6-5.4 5.5 5.3 5.6-5.3 5.5 5.3 5.6-5.3 5.4 5.3 5.7-5.3 5.4 5.3 5.6-5.3 5.5 5.4V0H-.2v5.8z\"\/>\n<\/svg>\n\t\t<\/div>\n\t\t\t\t<div class=\"elementor-element elementor-element-c5e3ff8 elementor-widget elementor-widget-heading\" data-id=\"c5e3ff8\" data-element_type=\"widget\" data-e-type=\"widget\" data-widget_type=\"heading.default\">\n\t\t\t\t<div class=\"elementor-widget-container\">\n\t\t\t\t\t<h2 class=\"elementor-heading-title elementor-size-default\">Quem Somos?<\/h2>\t\t\t\t<\/div>\n\t\t\t\t<\/div>\n\t\t\t\t<div class=\"elementor-element elementor-element-cc40f8d elementor-widget__width-initial elementor-widget elementor-widget-text-editor\" data-id=\"cc40f8d\" data-element_type=\"widget\" data-e-type=\"widget\" data-widget_type=\"text-editor.default\">\n\t\t\t\t<div class=\"elementor-widget-container\">\n\t\t\t\t\t\t\t\t\t<p>Na charmosa cidade de Caldas da Rainha, localiza-se a nossa loja de roupas infantis dos 00m aos 6 anos, um verdadeiro universo encantado para os pequenos.<\/p><p>Aqui, cada pe\u00e7a \u00e9 escolhida com zelo, com o objetivo de surpreender, inspirar e vestir as crian\u00e7as com eleg\u00e2ncia e conforto.<\/p><p>Desde os babygrows at\u00e9 aos conjuntos repletos de personalidade, a nossa miss\u00e3o \u00e9 fornecer o melhor para os pequenos pr\u00edncipes e princesas que nos visitam.<\/p><p>A nossa proposta vai al\u00e9m de apenas vestir: desejamos participar nos momentos especiais e nos sorrisos mais genu\u00ednos.<\/p><p>Na Bambinos, cada item \u00e9 pensado com o amor que os pais sentem pelos seus filhos, assim como o carinho que aspiramos transmitir.<\/p><p>Venha fazer-nos uma visita e descubra um espa\u00e7o onde a moda se mistura \u00e0 magia, um lugar onde as crian\u00e7as podem ser o que desejarem, sempre com muito estilo.<\/p><p>Estamos aqui para colorir cada dia, tornar cada momento mais especial e encher de felicidade cada crian\u00e7a.<\/p><p>Juntos, criaremos mem\u00f3rias inesquec\u00edveis a partir de cada escolha de roupa.<\/p>\t\t\t\t\t\t\t\t<\/div>\n\t\t\t\t<\/div>\n\t\t\t\t\t<\/div>\n\t\t\t\t<\/div>\n\t\t\t\t<\/div>\n\t\t","protected":false},"excerpt":{"rendered":"<p>Quem Somos? Na charmosa cidade de Caldas da Rainha, localiza-se a nossa loja de roupas infantis dos 00m aos 6 anos, um verdadeiro universo encantado para os pequenos. Aqui, cada pe\u00e7a \u00e9 escolhida com zelo, com o objetivo de surpreender, inspirar e vestir as crian\u00e7as com eleg\u00e2ncia e conforto. Desde os babygrows at\u00e9 aos conjuntos repletos de personalidade, a nossa miss\u00e3o \u00e9 fornecer o melhor para os pequenos pr\u00edncipes e princesas que nos visitam. A nossa proposta vai al\u00e9m de apenas vestir: desejamos participar nos momentos especiais e nos sorrisos mais genu\u00ednos. Na Bambinos, cada item \u00e9 pensado com o amor que os pais sentem pelos seus filhos, assim como o carinho que aspiramos transmitir. Venha fazer-nos uma visita e descubra um espa\u00e7o onde a moda se mistura \u00e0 magia, um lugar onde as crian\u00e7as podem ser o que desejarem, sempre com muito estilo. Estamos aqui para colorir cada dia, tornar cada momento mais especial e encher de felicidade cada crian\u00e7a. Juntos, criaremos mem\u00f3rias inesquec\u00edveis a partir de cada escolha de roupa.<\/p>","protected":false},"author":1,"featured_media":0,"parent":0,"menu_order":0,"comment_status":"closed","ping_status":"closed","template":"elementor_header_footer","meta":{"footnotes":""},"class_list":["post-502","page","type-page","status-publish","hentry"],"_links":{"self":[{"href":"https:\/\/bambinos.pt\/en\/wp-json\/wp\/v2\/pages\/502","targetHints":{"allow":["GET"]}}],"collection":[{"href":"https:\/\/bambinos.pt\/en\/wp-json\/wp\/v2\/pages"}],"about":[{"href":"https:\/\/bambinos.pt\/en\/wp-json\/wp\/v2\/types\/page"}],"author":[{"embeddable":true,"href":"https:\/\/bambinos.pt\/en\/wp-json\/wp\/v2\/users\/1"}],"replies":[{"embeddable":true,"href":"https:\/\/bambinos.pt\/en\/wp-json\/wp\/v2\/comments?post=502"}],"version-history":[{"count":40,"href":"https:\/\/bambinos.pt\/en\/wp-json\/wp\/v2\/pages\/502\/revisions"}],"predecessor-version":[{"id":689,"href":"https:\/\/bambinos.pt\/en\/wp-json\/wp\/v2\/pages\/502\/revisions\/689"}],"wp:attachment":[{"href":"https:\/\/bambinos.pt\/en\/wp-json\/wp\/v2\/media?parent=502"}],"curies":[{"name":"wp","href":"https:\/\/api.w.org\/{rel}","templated":true}]}}