{"id":1063,"date":"2025-05-09T13:55:23","date_gmt":"2025-05-09T13:55:23","guid":{"rendered":"https:\/\/bambinos.pt\/?post_type=product&#038;p=1063"},"modified":"2025-05-09T13:55:23","modified_gmt":"2025-05-09T13:55:23","slug":"macacao-algodao-doce","status":"publish","type":"product","link":"https:\/\/bambinos.pt\/en\/loja\/macacao-algodao-doce\/","title":{"rendered":"Macac\u00e3o &#8221; Algod\u00e3o Doce &#8220;"},"content":{"rendered":"<p><strong>Macac\u00e3o &#8221; Algod\u00e3o Doce &#8220;<\/strong><\/p>\n<p>Macac\u00e3o branco, com 3 bot\u00f5es em madeira, com 2 bolsos \u00e0 frente.<\/p>\n<p>Abertura com molas de press\u00e3o \u00e1 frente e entre pernas.<\/p>\n<p>Composi\u00e7\u00e3o: 100% Algod\u00e3o<\/p>\n<p>Fabricado em Portugal<\/p>","protected":false},"excerpt":{"rendered":"<p><strong>Macac\u00e3o &#8221; Algod\u00e3o Doce &#8220;<\/strong><\/p>\n<p>Macac\u00e3o branco, com 3 bot\u00f5es em madeira, com 2 bolsos \u00e0 frente.<\/p>\n<p>Abertura com molas de press\u00e3o \u00e1 frente e entre pernas.<\/p>\n<p>Composi\u00e7\u00e3o: 100% Algod\u00e3o<\/p>\n<p>Fabricado em Portugal<\/p>","protected":false},"featured_media":1064,"comment_status":"closed","ping_status":"closed","template":"","meta":[],"product_brand":[],"product_cat":[39,74,108],"product_tag":[],"class_list":{"0":"post-1063","1":"product","2":"type-product","3":"status-publish","4":"has-post-thumbnail","6":"product_cat-conjuntos","7":"product_cat-conjuntos-bebe-menina-9m-18m","8":"product_cat-conjuntos-menina-24m-6a","10":"first","11":"instock","12":"sold-individually","13":"taxable","14":"shipping-taxable","15":"purchasable","16":"product-type-variable"},"_links":{"self":[{"href":"https:\/\/bambinos.pt\/en\/wp-json\/wp\/v2\/product\/1063","targetHints":{"allow":["GET"]}}],"collection":[{"href":"https:\/\/bambinos.pt\/en\/wp-json\/wp\/v2\/product"}],"about":[{"href":"https:\/\/bambinos.pt\/en\/wp-json\/wp\/v2\/types\/product"}],"replies":[{"embeddable":true,"href":"https:\/\/bambinos.pt\/en\/wp-json\/wp\/v2\/comments?post=1063"}],"wp:featuredmedia":[{"embeddable":true,"href":"https:\/\/bambinos.pt\/en\/wp-json\/wp\/v2\/media\/1064"}],"wp:attachment":[{"href":"https:\/\/bambinos.pt\/en\/wp-json\/wp\/v2\/media?parent=1063"}],"wp:term":[{"taxonomy":"product_brand","embeddable":true,"href":"https:\/\/bambinos.pt\/en\/wp-json\/wp\/v2\/product_brand?post=1063"},{"taxonomy":"product_cat","embeddable":true,"href":"https:\/\/bambinos.pt\/en\/wp-json\/wp\/v2\/product_cat?post=1063"},{"taxonomy":"product_tag","embeddable":true,"href":"https:\/\/bambinos.pt\/en\/wp-json\/wp\/v2\/product_tag?post=1063"}],"curies":[{"name":"wp","href":"https:\/\/api.w.org\/{rel}","templated":true}]}}