{"id":1082,"date":"2025-05-09T14:14:52","date_gmt":"2025-05-09T14:14:52","guid":{"rendered":"https:\/\/bambinos.pt\/?post_type=product&#038;p=1082"},"modified":"2026-01-22T16:35:04","modified_gmt":"2026-01-22T16:35:04","slug":"conjunto-de-refeicao-para-bebe","status":"publish","type":"product","link":"https:\/\/bambinos.pt\/en\/loja\/conjunto-de-refeicao-para-bebe\/","title":{"rendered":"Conjunto de Refei\u00e7\u00e3o para Beb\u00e9"},"content":{"rendered":"<p><strong>Conjunto de Refei\u00e7\u00e3o para Beb\u00e9\u00a0<\/strong><\/p>\n<p>Conjunto de Refei\u00e7\u00e3o de aprendizagem feitos de silicone sem BPA, especialmente concebidos para facilitar a alimenta\u00e7\u00e3o do beb\u00e9.<\/p>\n<p>\u00c9 composto por uma tigela de grande capacidade, prato plano, um copo com al\u00e7as grandes e f\u00e1ceis de agarrar e uma colher ergon\u00f4mica com gancho anti-queda.<\/p>\n<p>A loi\u00e7a pode ser usada para beb\u00e9s a partir dos 6 meses.<\/p>\n<p>Adequado para micro-ondas e m\u00e1quina de lavar lou\u00e7a.<\/p>","protected":false},"excerpt":{"rendered":"<p><strong>Conjunto de Refei\u00e7\u00e3o para Beb\u00e9\u00a0<\/strong><\/p>\n<p>Conjunto de Refei\u00e7\u00e3o de aprendizagem feitos de silicone sem BPA, especialmente concebidos para facilitar a alimenta\u00e7\u00e3o do beb\u00e9.<\/p>\n<p>\u00c9 composto por uma tigela de grande capacidade, prato plano, um copo com al\u00e7as grandes e f\u00e1ceis de agarrar e uma colher ergon\u00f4mica com gancho anti-queda.<\/p>\n<p>A loi\u00e7a pode ser usada para beb\u00e9s a partir dos 6 meses.<\/p>\n<p>Adequado para micro-ondas e m\u00e1quina de lavar lou\u00e7a.<\/p>","protected":false},"featured_media":1087,"comment_status":"closed","ping_status":"closed","template":"","meta":[],"product_brand":[],"product_cat":[138],"product_tag":[],"class_list":{"0":"post-1082","1":"product","2":"type-product","3":"status-publish","4":"has-post-thumbnail","6":"product_cat-puericultura","8":"first","9":"instock","10":"sale","11":"sold-individually","12":"taxable","13":"shipping-taxable","14":"purchasable","15":"product-type-variable"},"_links":{"self":[{"href":"https:\/\/bambinos.pt\/en\/wp-json\/wp\/v2\/product\/1082","targetHints":{"allow":["GET"]}}],"collection":[{"href":"https:\/\/bambinos.pt\/en\/wp-json\/wp\/v2\/product"}],"about":[{"href":"https:\/\/bambinos.pt\/en\/wp-json\/wp\/v2\/types\/product"}],"replies":[{"embeddable":true,"href":"https:\/\/bambinos.pt\/en\/wp-json\/wp\/v2\/comments?post=1082"}],"wp:featuredmedia":[{"embeddable":true,"href":"https:\/\/bambinos.pt\/en\/wp-json\/wp\/v2\/media\/1087"}],"wp:attachment":[{"href":"https:\/\/bambinos.pt\/en\/wp-json\/wp\/v2\/media?parent=1082"}],"wp:term":[{"taxonomy":"product_brand","embeddable":true,"href":"https:\/\/bambinos.pt\/en\/wp-json\/wp\/v2\/product_brand?post=1082"},{"taxonomy":"product_cat","embeddable":true,"href":"https:\/\/bambinos.pt\/en\/wp-json\/wp\/v2\/product_cat?post=1082"},{"taxonomy":"product_tag","embeddable":true,"href":"https:\/\/bambinos.pt\/en\/wp-json\/wp\/v2\/product_tag?post=1082"}],"curies":[{"name":"wp","href":"https:\/\/api.w.org\/{rel}","templated":true}]}}