{"id":1099,"date":"2025-05-09T14:31:23","date_gmt":"2025-05-09T14:31:23","guid":{"rendered":"https:\/\/bambinos.pt\/?post_type=product&#038;p=1099"},"modified":"2026-01-23T17:48:31","modified_gmt":"2026-01-23T17:48:31","slug":"conjunto-de-2-pecas-felicidade","status":"publish","type":"product","link":"https:\/\/bambinos.pt\/en\/loja\/conjunto-de-2-pecas-felicidade\/","title":{"rendered":"Conjunto de 2 Pe\u00e7as &#8221; Felicidade &#8220;"},"content":{"rendered":"<p><strong>Conjunto de 2 Pe\u00e7as &#8221; Felicidade &#8220;<\/strong><\/p>\n<p>Conjunto de camisola e cal\u00e7a com p\u00e9s.<\/p>\n<p>Camisola com fecho de bot\u00e3o mola nas costas.<\/p>\n<p>Composi\u00e7\u00e3o: 100% Algod\u00e3o<\/p>\n<p>Fabricado em Portugal<\/p>","protected":false},"excerpt":{"rendered":"<p><strong>Conjunto de 2 Pe\u00e7as &#8221; Felicidade &#8220;<\/strong><\/p>\n<p>Conjunto de camisola e cal\u00e7a com p\u00e9s.<\/p>\n<p>Camisola com fecho de bot\u00e3o mola nas costas.<\/p>\n<p>Composi\u00e7\u00e3o: 100% Algod\u00e3o<\/p>\n<p>Fabricado em Portugal<\/p>","protected":false},"featured_media":1100,"comment_status":"closed","ping_status":"closed","template":"","meta":[],"product_brand":[],"product_cat":[57],"product_tag":[],"class_list":{"0":"post-1099","1":"product","2":"type-product","3":"status-publish","4":"has-post-thumbnail","6":"product_cat-conjuntos-recem-nascido","8":"first","9":"instock","10":"sale","11":"sold-individually","12":"taxable","13":"shipping-taxable","14":"purchasable","15":"product-type-variable"},"_links":{"self":[{"href":"https:\/\/bambinos.pt\/en\/wp-json\/wp\/v2\/product\/1099","targetHints":{"allow":["GET"]}}],"collection":[{"href":"https:\/\/bambinos.pt\/en\/wp-json\/wp\/v2\/product"}],"about":[{"href":"https:\/\/bambinos.pt\/en\/wp-json\/wp\/v2\/types\/product"}],"replies":[{"embeddable":true,"href":"https:\/\/bambinos.pt\/en\/wp-json\/wp\/v2\/comments?post=1099"}],"wp:featuredmedia":[{"embeddable":true,"href":"https:\/\/bambinos.pt\/en\/wp-json\/wp\/v2\/media\/1100"}],"wp:attachment":[{"href":"https:\/\/bambinos.pt\/en\/wp-json\/wp\/v2\/media?parent=1099"}],"wp:term":[{"taxonomy":"product_brand","embeddable":true,"href":"https:\/\/bambinos.pt\/en\/wp-json\/wp\/v2\/product_brand?post=1099"},{"taxonomy":"product_cat","embeddable":true,"href":"https:\/\/bambinos.pt\/en\/wp-json\/wp\/v2\/product_cat?post=1099"},{"taxonomy":"product_tag","embeddable":true,"href":"https:\/\/bambinos.pt\/en\/wp-json\/wp\/v2\/product_tag?post=1099"}],"curies":[{"name":"wp","href":"https:\/\/api.w.org\/{rel}","templated":true}]}}