{"id":1111,"date":"2025-05-09T14:50:21","date_gmt":"2025-05-09T14:50:21","guid":{"rendered":"https:\/\/bambinos.pt\/?post_type=product&#038;p=1111"},"modified":"2026-01-23T17:46:49","modified_gmt":"2026-01-23T17:46:49","slug":"conjunto-de-2-pecas-zoo","status":"publish","type":"product","link":"https:\/\/bambinos.pt\/en\/loja\/conjunto-de-2-pecas-zoo\/","title":{"rendered":"Conjunto de 2 Pe\u00e7as &#8221; Zoo &#8220;"},"content":{"rendered":"<p><strong>Conjunto de 2 Pe\u00e7as &#8221; Zoo &#8220;<\/strong><\/p>\n<p>Conjunto composto por T-Shirt e Cal\u00e7\u00f5es forrados a rede.<\/p>\n<p>Composi\u00e7\u00e3o:<\/p>\n<ul>\n<li>T-Shirt: 100% Algod\u00e3o<\/li>\n<li>Cal\u00e7\u00f5es: Exterior 100% Algod\u00e3o e Interior 100% Poli\u00e9ster<\/li>\n<\/ul>\n<p>Fabricado em Portugal<\/p>","protected":false},"excerpt":{"rendered":"<p><strong>Conjunto de 2 Pe\u00e7as &#8221; Zoo &#8220;<\/strong><\/p>\n<p>Conjunto composto por T-Shirt e Cal\u00e7\u00f5es forrados a rede.<\/p>\n<p>Composi\u00e7\u00e3o:<\/p>\n<ul>\n<li>T-Shirt: 100% Algod\u00e3o<\/li>\n<li>Cal\u00e7\u00f5es: Exterior 100% Algod\u00e3o e Interior 100% Poli\u00e9ster<\/li>\n<\/ul>\n<p>Fabricado em Portugal<\/p>","protected":false},"featured_media":1112,"comment_status":"closed","ping_status":"closed","template":"","meta":[],"product_brand":[],"product_cat":[119],"product_tag":[],"class_list":{"0":"post-1111","1":"product","2":"type-product","3":"status-publish","4":"has-post-thumbnail","6":"product_cat-conjuntos-menino-24m-6a","8":"first","9":"instock","10":"sale","11":"sold-individually","12":"taxable","13":"shipping-taxable","14":"purchasable","15":"product-type-variable"},"_links":{"self":[{"href":"https:\/\/bambinos.pt\/en\/wp-json\/wp\/v2\/product\/1111","targetHints":{"allow":["GET"]}}],"collection":[{"href":"https:\/\/bambinos.pt\/en\/wp-json\/wp\/v2\/product"}],"about":[{"href":"https:\/\/bambinos.pt\/en\/wp-json\/wp\/v2\/types\/product"}],"replies":[{"embeddable":true,"href":"https:\/\/bambinos.pt\/en\/wp-json\/wp\/v2\/comments?post=1111"}],"wp:featuredmedia":[{"embeddable":true,"href":"https:\/\/bambinos.pt\/en\/wp-json\/wp\/v2\/media\/1112"}],"wp:attachment":[{"href":"https:\/\/bambinos.pt\/en\/wp-json\/wp\/v2\/media?parent=1111"}],"wp:term":[{"taxonomy":"product_brand","embeddable":true,"href":"https:\/\/bambinos.pt\/en\/wp-json\/wp\/v2\/product_brand?post=1111"},{"taxonomy":"product_cat","embeddable":true,"href":"https:\/\/bambinos.pt\/en\/wp-json\/wp\/v2\/product_cat?post=1111"},{"taxonomy":"product_tag","embeddable":true,"href":"https:\/\/bambinos.pt\/en\/wp-json\/wp\/v2\/product_tag?post=1111"}],"curies":[{"name":"wp","href":"https:\/\/api.w.org\/{rel}","templated":true}]}}