{"id":1128,"date":"2025-05-09T15:18:38","date_gmt":"2025-05-09T15:18:38","guid":{"rendered":"https:\/\/bambinos.pt\/?post_type=product&#038;p=1128"},"modified":"2026-01-23T17:39:30","modified_gmt":"2026-01-23T17:39:30","slug":"fofo-em-malha-coracoes","status":"publish","type":"product","link":"https:\/\/bambinos.pt\/en\/loja\/fofo-em-malha-coracoes\/","title":{"rendered":"Fofo em Malha &#8221; Cora\u00e7\u00f5es &#8220;"},"content":{"rendered":"<p><strong>Fofo em Malha &#8221; Cora\u00e7\u00f5es &#8220;<\/strong><\/p>\n<p>Fofo com abertura por bot\u00e3o nas costas e entre pernas.<\/p>\n<p>Composi\u00e7\u00e3o: 100% Algod\u00e3o<\/p>\n<p>Fabricado em Portugal<\/p>","protected":false},"excerpt":{"rendered":"<p><strong>Fofo em Malha &#8221; Cora\u00e7\u00f5es &#8220;<\/strong><\/p>\n<p>Fofo com abertura por bot\u00e3o nas costas e entre pernas.<\/p>\n<p>Composi\u00e7\u00e3o: 100% Algod\u00e3o<\/p>\n<p>Fabricado em Portugal<\/p>","protected":false},"featured_media":1126,"comment_status":"closed","ping_status":"closed","template":"","meta":[],"product_brand":[],"product_cat":[170,171,172,173],"product_tag":[],"class_list":{"0":"post-1128","1":"product","2":"type-product","3":"status-publish","4":"has-post-thumbnail","6":"product_cat-fofos-bebe-menina-9m-18m","7":"product_cat-fofos-bebe-menino-9m-18m","8":"product_cat-fofos","9":"product_cat-fofos-recem-nascido","11":"first","12":"instock","13":"sale","14":"sold-individually","15":"taxable","16":"shipping-taxable","17":"purchasable","18":"product-type-variable"},"_links":{"self":[{"href":"https:\/\/bambinos.pt\/en\/wp-json\/wp\/v2\/product\/1128","targetHints":{"allow":["GET"]}}],"collection":[{"href":"https:\/\/bambinos.pt\/en\/wp-json\/wp\/v2\/product"}],"about":[{"href":"https:\/\/bambinos.pt\/en\/wp-json\/wp\/v2\/types\/product"}],"replies":[{"embeddable":true,"href":"https:\/\/bambinos.pt\/en\/wp-json\/wp\/v2\/comments?post=1128"}],"wp:featuredmedia":[{"embeddable":true,"href":"https:\/\/bambinos.pt\/en\/wp-json\/wp\/v2\/media\/1126"}],"wp:attachment":[{"href":"https:\/\/bambinos.pt\/en\/wp-json\/wp\/v2\/media?parent=1128"}],"wp:term":[{"taxonomy":"product_brand","embeddable":true,"href":"https:\/\/bambinos.pt\/en\/wp-json\/wp\/v2\/product_brand?post=1128"},{"taxonomy":"product_cat","embeddable":true,"href":"https:\/\/bambinos.pt\/en\/wp-json\/wp\/v2\/product_cat?post=1128"},{"taxonomy":"product_tag","embeddable":true,"href":"https:\/\/bambinos.pt\/en\/wp-json\/wp\/v2\/product_tag?post=1128"}],"curies":[{"name":"wp","href":"https:\/\/api.w.org\/{rel}","templated":true}]}}