{"id":1150,"date":"2025-05-09T15:55:20","date_gmt":"2025-05-09T15:55:20","guid":{"rendered":"https:\/\/bambinos.pt\/?post_type=product&#038;p=1150"},"modified":"2026-01-23T17:37:37","modified_gmt":"2026-01-23T17:37:37","slug":"casaco-em-malha-coracoes","status":"publish","type":"product","link":"https:\/\/bambinos.pt\/en\/loja\/casaco-em-malha-coracoes\/","title":{"rendered":"Casaco em Malha &#8221; Cora\u00e7\u00f5es &#8220;"},"content":{"rendered":"<p><strong>Casaco em Malha &#8221; Cora\u00e7\u00f5es &#8220;<\/strong><\/p>\n<p>Composi\u00e7\u00e3o: 100% Algod\u00e3o<\/p>\n<p>Fabricado em Portugal<\/p>","protected":false},"excerpt":{"rendered":"<p><strong>Casaco em Malha &#8221; Cora\u00e7\u00f5es &#8220;<\/strong><\/p>\n<p>Composi\u00e7\u00e3o: 100% Algod\u00e3o<\/p>\n<p>Fabricado em Portugal<\/p>","protected":false},"featured_media":1151,"comment_status":"closed","ping_status":"closed","template":"","meta":[],"product_brand":[],"product_cat":[112,45,123,62,77,88],"product_tag":[],"class_list":{"0":"post-1150","1":"product","2":"type-product","3":"status-publish","4":"has-post-thumbnail","6":"product_cat-casacos-de-malha-menina-24m-6a","7":"product_cat-casacos-de-malha","8":"product_cat-casacos-de-malha-menino-24m-6a","9":"product_cat-casacos-de-malha-recem-nascido","10":"product_cat-casacos-de-malha-bebe-menina-9m-18m","11":"product_cat-casacos-de-malha-bebe-menino-9m-18m","13":"first","14":"instock","15":"sale","16":"sold-individually","17":"taxable","18":"shipping-taxable","19":"purchasable","20":"product-type-variable"},"_links":{"self":[{"href":"https:\/\/bambinos.pt\/en\/wp-json\/wp\/v2\/product\/1150","targetHints":{"allow":["GET"]}}],"collection":[{"href":"https:\/\/bambinos.pt\/en\/wp-json\/wp\/v2\/product"}],"about":[{"href":"https:\/\/bambinos.pt\/en\/wp-json\/wp\/v2\/types\/product"}],"replies":[{"embeddable":true,"href":"https:\/\/bambinos.pt\/en\/wp-json\/wp\/v2\/comments?post=1150"}],"wp:featuredmedia":[{"embeddable":true,"href":"https:\/\/bambinos.pt\/en\/wp-json\/wp\/v2\/media\/1151"}],"wp:attachment":[{"href":"https:\/\/bambinos.pt\/en\/wp-json\/wp\/v2\/media?parent=1150"}],"wp:term":[{"taxonomy":"product_brand","embeddable":true,"href":"https:\/\/bambinos.pt\/en\/wp-json\/wp\/v2\/product_brand?post=1150"},{"taxonomy":"product_cat","embeddable":true,"href":"https:\/\/bambinos.pt\/en\/wp-json\/wp\/v2\/product_cat?post=1150"},{"taxonomy":"product_tag","embeddable":true,"href":"https:\/\/bambinos.pt\/en\/wp-json\/wp\/v2\/product_tag?post=1150"}],"curies":[{"name":"wp","href":"https:\/\/api.w.org\/{rel}","templated":true}]}}