{"id":1197,"date":"2025-05-09T16:08:41","date_gmt":"2025-05-09T16:08:41","guid":{"rendered":"https:\/\/bambinos.pt\/?post_type=product&#038;p=1197"},"modified":"2026-01-23T17:33:36","modified_gmt":"2026-01-23T17:33:36","slug":"camisola-em-malha-coracoes","status":"publish","type":"product","link":"https:\/\/bambinos.pt\/en\/loja\/camisola-em-malha-coracoes\/","title":{"rendered":"Camisola em Malha &#8220;Cora\u00e7\u00f5es&#8221;"},"content":{"rendered":"<p><strong>Camisola em Malha &#8220;Cora\u00e7\u00f5es&#8221;<\/strong><\/p>\n<p>Composi\u00e7\u00e3o: 100% Algod\u00e3o<\/p>\n<p>Fabricado em Portugal<\/p>","protected":false},"excerpt":{"rendered":"<p><strong>Camisola em Malha &#8220;Cora\u00e7\u00f5es&#8221;<\/strong><\/p>\n<p>Composi\u00e7\u00e3o: 100% Algod\u00e3o<\/p>\n<p>Fabricado em Portugal<\/p>","protected":false},"featured_media":1213,"comment_status":"closed","ping_status":"closed","template":"","meta":[],"product_brand":[],"product_cat":[46,63,78,89],"product_tag":[],"class_list":{"0":"post-1197","1":"product","2":"type-product","3":"status-publish","4":"has-post-thumbnail","6":"product_cat-camisolas-e-sweats","7":"product_cat-camisolas-e-sweats-recem-nascido","8":"product_cat-camisolas-e-sweats-bebe-menina-9m-18m","9":"product_cat-camisolas-e-sweats-bebe-menino-9m-18m","11":"first","12":"instock","13":"sale","14":"taxable","15":"shipping-taxable","16":"purchasable","17":"product-type-variable"},"_links":{"self":[{"href":"https:\/\/bambinos.pt\/en\/wp-json\/wp\/v2\/product\/1197","targetHints":{"allow":["GET"]}}],"collection":[{"href":"https:\/\/bambinos.pt\/en\/wp-json\/wp\/v2\/product"}],"about":[{"href":"https:\/\/bambinos.pt\/en\/wp-json\/wp\/v2\/types\/product"}],"replies":[{"embeddable":true,"href":"https:\/\/bambinos.pt\/en\/wp-json\/wp\/v2\/comments?post=1197"}],"wp:featuredmedia":[{"embeddable":true,"href":"https:\/\/bambinos.pt\/en\/wp-json\/wp\/v2\/media\/1213"}],"wp:attachment":[{"href":"https:\/\/bambinos.pt\/en\/wp-json\/wp\/v2\/media?parent=1197"}],"wp:term":[{"taxonomy":"product_brand","embeddable":true,"href":"https:\/\/bambinos.pt\/en\/wp-json\/wp\/v2\/product_brand?post=1197"},{"taxonomy":"product_cat","embeddable":true,"href":"https:\/\/bambinos.pt\/en\/wp-json\/wp\/v2\/product_cat?post=1197"},{"taxonomy":"product_tag","embeddable":true,"href":"https:\/\/bambinos.pt\/en\/wp-json\/wp\/v2\/product_tag?post=1197"}],"curies":[{"name":"wp","href":"https:\/\/api.w.org\/{rel}","templated":true}]}}