{"id":1214,"date":"2025-05-09T16:19:02","date_gmt":"2025-05-09T16:19:02","guid":{"rendered":"https:\/\/bambinos.pt\/?post_type=product&#038;p=1214"},"modified":"2026-01-23T17:32:27","modified_gmt":"2026-01-23T17:32:27","slug":"jardineiras-em-malha-coracoes","status":"publish","type":"product","link":"https:\/\/bambinos.pt\/en\/loja\/jardineiras-em-malha-coracoes\/","title":{"rendered":"Jardineiras em Malha &#8220;Cora\u00e7\u00f5es&#8221;"},"content":{"rendered":"<p><strong>Jardineiras em Malha &#8220;Cora\u00e7\u00f5es&#8221;<\/strong><\/p>\n<p>Composi\u00e7\u00e3o: 100% Algod\u00e3o<\/p>\n<p>Fabricado em Portugal<\/p>","protected":false},"excerpt":{"rendered":"<p>Jardineiras em Malha &#8220;Cora\u00e7\u00f5es&#8221; Composi\u00e7\u00e3o: 100% Algod\u00e3o Fabricado em Portugal<\/p>","protected":false},"featured_media":1332,"comment_status":"closed","ping_status":"closed","template":"","meta":[],"product_brand":[],"product_cat":[44,61],"product_tag":[],"class_list":{"0":"post-1214","1":"product","2":"type-product","3":"status-publish","4":"has-post-thumbnail","6":"product_cat-calcas-e-jardineiras","7":"product_cat-calcas-e-jardineiras-recem-nascido","9":"first","10":"instock","11":"sale","12":"taxable","13":"shipping-taxable","14":"purchasable","15":"product-type-variable"},"_links":{"self":[{"href":"https:\/\/bambinos.pt\/en\/wp-json\/wp\/v2\/product\/1214","targetHints":{"allow":["GET"]}}],"collection":[{"href":"https:\/\/bambinos.pt\/en\/wp-json\/wp\/v2\/product"}],"about":[{"href":"https:\/\/bambinos.pt\/en\/wp-json\/wp\/v2\/types\/product"}],"replies":[{"embeddable":true,"href":"https:\/\/bambinos.pt\/en\/wp-json\/wp\/v2\/comments?post=1214"}],"wp:featuredmedia":[{"embeddable":true,"href":"https:\/\/bambinos.pt\/en\/wp-json\/wp\/v2\/media\/1332"}],"wp:attachment":[{"href":"https:\/\/bambinos.pt\/en\/wp-json\/wp\/v2\/media?parent=1214"}],"wp:term":[{"taxonomy":"product_brand","embeddable":true,"href":"https:\/\/bambinos.pt\/en\/wp-json\/wp\/v2\/product_brand?post=1214"},{"taxonomy":"product_cat","embeddable":true,"href":"https:\/\/bambinos.pt\/en\/wp-json\/wp\/v2\/product_cat?post=1214"},{"taxonomy":"product_tag","embeddable":true,"href":"https:\/\/bambinos.pt\/en\/wp-json\/wp\/v2\/product_tag?post=1214"}],"curies":[{"name":"wp","href":"https:\/\/api.w.org\/{rel}","templated":true}]}}