{"id":1340,"date":"2025-05-12T11:08:29","date_gmt":"2025-05-12T11:08:29","guid":{"rendered":"https:\/\/bambinos.pt\/?post_type=product&#038;p=1340"},"modified":"2026-01-23T17:24:39","modified_gmt":"2026-01-23T17:24:39","slug":"jardineira-com-camisa-forest","status":"publish","type":"product","link":"https:\/\/bambinos.pt\/en\/loja\/jardineira-com-camisa-forest\/","title":{"rendered":"Jardineira com Camisa &#8221; Forest &#8220;"},"content":{"rendered":"<p><strong>Jardineira com Camisa &#8221; Forest &#8220;<\/strong><\/p>\n<p>Composi\u00e7\u00e3o:<\/p>\n<ul>\n<li>Jardineira em bombazina forrada com padr\u00e3o e com bot\u00f5es de madeira \u00e0 frente.<\/li>\n<li>Camisa 100% Algod\u00e3o estampada com padr\u00e3o com bot\u00f5es de madeira nas costas.<\/li>\n<\/ul>\n<p>Fabricado em Portugal<\/p>\n<p>&nbsp;<\/p>","protected":false},"excerpt":{"rendered":"<p><strong>Jardineira com Camisa &#8221; Forest &#8220;<\/strong><\/p>\n<p>Composi\u00e7\u00e3o:<\/p>\n<ul>\n<li>Jardineira em bombazina forrada com padr\u00e3o e com bot\u00f5es de madeira \u00e0 frente.<\/li>\n<li>Camisa 100% Algod\u00e3o estampada com padr\u00e3o com bot\u00f5es de madeira nas costas.<\/li>\n<\/ul>\n<p>Fabricado em Portugal<\/p>","protected":false},"featured_media":1349,"comment_status":"closed","ping_status":"closed","template":"","meta":[],"product_brand":[],"product_cat":[44,111,74],"product_tag":[],"class_list":{"0":"post-1340","1":"product","2":"type-product","3":"status-publish","4":"has-post-thumbnail","6":"product_cat-calcas-e-jardineiras","7":"product_cat-calcas-e-jardineiras-menina-24m-6a","8":"product_cat-conjuntos-bebe-menina-9m-18m","10":"first","11":"instock","12":"sale","13":"sold-individually","14":"taxable","15":"shipping-taxable","16":"purchasable","17":"product-type-variable"},"_links":{"self":[{"href":"https:\/\/bambinos.pt\/en\/wp-json\/wp\/v2\/product\/1340","targetHints":{"allow":["GET"]}}],"collection":[{"href":"https:\/\/bambinos.pt\/en\/wp-json\/wp\/v2\/product"}],"about":[{"href":"https:\/\/bambinos.pt\/en\/wp-json\/wp\/v2\/types\/product"}],"replies":[{"embeddable":true,"href":"https:\/\/bambinos.pt\/en\/wp-json\/wp\/v2\/comments?post=1340"}],"wp:featuredmedia":[{"embeddable":true,"href":"https:\/\/bambinos.pt\/en\/wp-json\/wp\/v2\/media\/1349"}],"wp:attachment":[{"href":"https:\/\/bambinos.pt\/en\/wp-json\/wp\/v2\/media?parent=1340"}],"wp:term":[{"taxonomy":"product_brand","embeddable":true,"href":"https:\/\/bambinos.pt\/en\/wp-json\/wp\/v2\/product_brand?post=1340"},{"taxonomy":"product_cat","embeddable":true,"href":"https:\/\/bambinos.pt\/en\/wp-json\/wp\/v2\/product_cat?post=1340"},{"taxonomy":"product_tag","embeddable":true,"href":"https:\/\/bambinos.pt\/en\/wp-json\/wp\/v2\/product_tag?post=1340"}],"curies":[{"name":"wp","href":"https:\/\/api.w.org\/{rel}","templated":true}]}}