{"id":1361,"date":"2025-05-12T11:27:35","date_gmt":"2025-05-12T11:27:35","guid":{"rendered":"https:\/\/bambinos.pt\/?post_type=product&#038;p=1361"},"modified":"2026-01-23T17:18:52","modified_gmt":"2026-01-23T17:18:52","slug":"babygrow-laminado-forest","status":"publish","type":"product","link":"https:\/\/bambinos.pt\/en\/loja\/babygrow-laminado-forest\/","title":{"rendered":"Babygrow Laminado &#8221; Forest &#8220;"},"content":{"rendered":"<p><strong>Babygrow Laminado &#8221; Forest &#8220;<\/strong><\/p>\n<p>Babygrow Laminado com abertura \u00e0 frente e entre pernas, com 2 bolsos do lado esquerdo, com gola, punho e p\u00e9s estampados com padr\u00e3o.<\/p>\n<p>Composi\u00e7\u00e3o:<\/p>\n<ul>\n<li>80% Algod\u00e3o e 20% Poli\u00e9ster<\/li>\n<\/ul>\n<p>Fabricado em Portugal<\/p>\n<p>&nbsp;<\/p>","protected":false},"excerpt":{"rendered":"<p><strong>Babygrow Laminado &#8221; Forest &#8220;<\/strong><\/p>\n<p>Babygrow Laminado com abertura \u00e0 frente e entre pernas, com 2 bolsos do lado esquerdo, com gola, punho e p\u00e9s estampados com padr\u00e3o.<\/p>\n<p>Composi\u00e7\u00e3o:<\/p>\n<ul>\n<li>80% Algod\u00e3o e 20% Poli\u00e9ster<\/li>\n<\/ul>\n<p>Fabricado em Portugal<\/p>","protected":false},"featured_media":1368,"comment_status":"closed","ping_status":"closed","template":"","meta":[],"product_brand":[],"product_cat":[40,58],"product_tag":[],"class_list":{"0":"post-1361","1":"product","2":"type-product","3":"status-publish","4":"has-post-thumbnail","6":"product_cat-pijamas-babygrow","7":"product_cat-pijamas-e-babygrow","9":"first","10":"instock","11":"sold-individually","12":"taxable","13":"shipping-taxable","14":"product-type-variable"},"_links":{"self":[{"href":"https:\/\/bambinos.pt\/en\/wp-json\/wp\/v2\/product\/1361","targetHints":{"allow":["GET"]}}],"collection":[{"href":"https:\/\/bambinos.pt\/en\/wp-json\/wp\/v2\/product"}],"about":[{"href":"https:\/\/bambinos.pt\/en\/wp-json\/wp\/v2\/types\/product"}],"replies":[{"embeddable":true,"href":"https:\/\/bambinos.pt\/en\/wp-json\/wp\/v2\/comments?post=1361"}],"wp:featuredmedia":[{"embeddable":true,"href":"https:\/\/bambinos.pt\/en\/wp-json\/wp\/v2\/media\/1368"}],"wp:attachment":[{"href":"https:\/\/bambinos.pt\/en\/wp-json\/wp\/v2\/media?parent=1361"}],"wp:term":[{"taxonomy":"product_brand","embeddable":true,"href":"https:\/\/bambinos.pt\/en\/wp-json\/wp\/v2\/product_brand?post=1361"},{"taxonomy":"product_cat","embeddable":true,"href":"https:\/\/bambinos.pt\/en\/wp-json\/wp\/v2\/product_cat?post=1361"},{"taxonomy":"product_tag","embeddable":true,"href":"https:\/\/bambinos.pt\/en\/wp-json\/wp\/v2\/product_tag?post=1361"}],"curies":[{"name":"wp","href":"https:\/\/api.w.org\/{rel}","templated":true}]}}