{"id":1425,"date":"2025-05-12T15:33:48","date_gmt":"2025-05-12T15:33:48","guid":{"rendered":"https:\/\/bambinos.pt\/?post_type=product&#038;p=1425"},"modified":"2026-01-23T17:16:11","modified_gmt":"2026-01-23T17:16:11","slug":"pijama-christmas-day-menina","status":"publish","type":"product","link":"https:\/\/bambinos.pt\/en\/loja\/pijama-christmas-day-menina\/","title":{"rendered":"Pijama &#8221; Christmas Day &#8221; Menina"},"content":{"rendered":"<p><strong>Pijama &#8221; Christmas Day &#8221; Menina<\/strong><\/p>\n<p>Pijama composto por camisola de manga comprida com el\u00e1stico nos punhas cardada, com fecho por bot\u00e3o de madeira, com gola em folho e 2 bolsos estampados.<\/p>\n<p>Cal\u00e7as 100% Algod\u00e3o estampada com el\u00e1stico no tornozelo.<\/p>\n<p>Fabricado em Portugal<\/p>","protected":false},"excerpt":{"rendered":"<p><strong>Pijama &#8221; Christmas Day &#8221; Menina<\/strong><\/p>\n<p>Pijama composto por camisola de manga comprida com el\u00e1stico nos punhas cardada, com fecho por bot\u00e3o de madeira, com gola em folho e 2 bolsos estampados.<\/p>\n<p>Cal\u00e7as 100% Algod\u00e3o estampada com el\u00e1stico no tornozelo.<\/p>\n<p>Fabricado em Portugal<\/p>","protected":false},"featured_media":1435,"comment_status":"closed","ping_status":"closed","template":"","meta":[],"product_brand":[],"product_cat":[40,75,109],"product_tag":[],"class_list":{"0":"post-1425","1":"product","2":"type-product","3":"status-publish","4":"has-post-thumbnail","6":"product_cat-pijamas-babygrow","7":"product_cat-pijamas-robes-e-babygrows","8":"product_cat-pijamas-robes-e-babygrows-menina-24m-6a","10":"first","11":"instock","12":"sale","13":"sold-individually","14":"taxable","15":"shipping-taxable","16":"purchasable","17":"product-type-variable"},"_links":{"self":[{"href":"https:\/\/bambinos.pt\/en\/wp-json\/wp\/v2\/product\/1425","targetHints":{"allow":["GET"]}}],"collection":[{"href":"https:\/\/bambinos.pt\/en\/wp-json\/wp\/v2\/product"}],"about":[{"href":"https:\/\/bambinos.pt\/en\/wp-json\/wp\/v2\/types\/product"}],"replies":[{"embeddable":true,"href":"https:\/\/bambinos.pt\/en\/wp-json\/wp\/v2\/comments?post=1425"}],"wp:featuredmedia":[{"embeddable":true,"href":"https:\/\/bambinos.pt\/en\/wp-json\/wp\/v2\/media\/1435"}],"wp:attachment":[{"href":"https:\/\/bambinos.pt\/en\/wp-json\/wp\/v2\/media?parent=1425"}],"wp:term":[{"taxonomy":"product_brand","embeddable":true,"href":"https:\/\/bambinos.pt\/en\/wp-json\/wp\/v2\/product_brand?post=1425"},{"taxonomy":"product_cat","embeddable":true,"href":"https:\/\/bambinos.pt\/en\/wp-json\/wp\/v2\/product_cat?post=1425"},{"taxonomy":"product_tag","embeddable":true,"href":"https:\/\/bambinos.pt\/en\/wp-json\/wp\/v2\/product_tag?post=1425"}],"curies":[{"name":"wp","href":"https:\/\/api.w.org\/{rel}","templated":true}]}}