{"id":1530,"date":"2025-05-13T14:44:43","date_gmt":"2025-05-13T14:44:43","guid":{"rendered":"https:\/\/bambinos.pt\/?post_type=product&#038;p=1530"},"modified":"2026-01-23T17:09:12","modified_gmt":"2026-01-23T17:09:12","slug":"robe-polar-caramelo","status":"publish","type":"product","link":"https:\/\/bambinos.pt\/en\/loja\/robe-polar-caramelo\/","title":{"rendered":"Robe Polar &#8221; Caramelo &#8220;"},"content":{"rendered":"<p><strong>Robe Polar &#8221; Caramelo &#8220;<\/strong><\/p>\n<p>Composi\u00e7\u00e3o: 100% Poli\u00e9ster<\/p>\n<p>Fabricado em Portugal<\/p>\n<p>&nbsp;<\/p>","protected":false},"excerpt":{"rendered":"<p><strong>Robe Polar &#8221; Caramelo &#8220;<\/strong><\/p>\n<p>Composi\u00e7\u00e3o: 100% Poli\u00e9ster<\/p>\n<p>Fabricado em Portugal<\/p>","protected":false},"featured_media":1531,"comment_status":"closed","ping_status":"closed","template":"","meta":[],"product_brand":[],"product_cat":[75,109],"product_tag":[],"class_list":{"0":"post-1530","1":"product","2":"type-product","3":"status-publish","4":"has-post-thumbnail","6":"product_cat-pijamas-robes-e-babygrows","7":"product_cat-pijamas-robes-e-babygrows-menina-24m-6a","9":"first","10":"instock","11":"sale","12":"sold-individually","13":"taxable","14":"shipping-taxable","15":"purchasable","16":"product-type-variable"},"_links":{"self":[{"href":"https:\/\/bambinos.pt\/en\/wp-json\/wp\/v2\/product\/1530","targetHints":{"allow":["GET"]}}],"collection":[{"href":"https:\/\/bambinos.pt\/en\/wp-json\/wp\/v2\/product"}],"about":[{"href":"https:\/\/bambinos.pt\/en\/wp-json\/wp\/v2\/types\/product"}],"replies":[{"embeddable":true,"href":"https:\/\/bambinos.pt\/en\/wp-json\/wp\/v2\/comments?post=1530"}],"wp:featuredmedia":[{"embeddable":true,"href":"https:\/\/bambinos.pt\/en\/wp-json\/wp\/v2\/media\/1531"}],"wp:attachment":[{"href":"https:\/\/bambinos.pt\/en\/wp-json\/wp\/v2\/media?parent=1530"}],"wp:term":[{"taxonomy":"product_brand","embeddable":true,"href":"https:\/\/bambinos.pt\/en\/wp-json\/wp\/v2\/product_brand?post=1530"},{"taxonomy":"product_cat","embeddable":true,"href":"https:\/\/bambinos.pt\/en\/wp-json\/wp\/v2\/product_cat?post=1530"},{"taxonomy":"product_tag","embeddable":true,"href":"https:\/\/bambinos.pt\/en\/wp-json\/wp\/v2\/product_tag?post=1530"}],"curies":[{"name":"wp","href":"https:\/\/api.w.org\/{rel}","templated":true}]}}