{"id":1647,"date":"2025-05-16T10:28:18","date_gmt":"2025-05-16T10:28:18","guid":{"rendered":"https:\/\/bambinos.pt\/?post_type=product&#038;p=1647"},"modified":"2026-01-23T16:58:41","modified_gmt":"2026-01-23T16:58:41","slug":"babygrow-brownie","status":"publish","type":"product","link":"https:\/\/bambinos.pt\/en\/loja\/babygrow-brownie\/","title":{"rendered":"Babygrow &#8221; Brownie &#8220;"},"content":{"rendered":"<p><strong>Babygrow &#8221; Brownie &#8220;<\/strong><\/p>\n<p>Composi\u00e7\u00e3o: 55% Poli\u00e9ster, 30% Viscose, 12% Nilon e 3% SPANDEX<\/p>\n<p>Fabricado em Portugal<\/p>","protected":false},"excerpt":{"rendered":"<p><strong>Babygrow &#8221; Brownie &#8220;<\/strong><\/p>\n<p>Composi\u00e7\u00e3o: 55% Poli\u00e9ster, 30% Viscose, 12% Nilon e 3% SPANDEX<\/p>\n<p>Fabricado em Portugal<\/p>","protected":false},"featured_media":1648,"comment_status":"closed","ping_status":"closed","template":"","meta":[],"product_brand":[],"product_cat":[40,58,75,85],"product_tag":[],"class_list":{"0":"post-1647","1":"product","2":"type-product","3":"status-publish","4":"has-post-thumbnail","6":"product_cat-pijamas-babygrow","7":"product_cat-pijamas-e-babygrow","8":"product_cat-pijamas-robes-e-babygrows","9":"product_cat-pijamas-robes-e-babygrows-bebe-menino-9m-18m","11":"first","12":"instock","13":"sale","14":"sold-individually","15":"taxable","16":"shipping-taxable","17":"purchasable","18":"product-type-variable"},"_links":{"self":[{"href":"https:\/\/bambinos.pt\/en\/wp-json\/wp\/v2\/product\/1647","targetHints":{"allow":["GET"]}}],"collection":[{"href":"https:\/\/bambinos.pt\/en\/wp-json\/wp\/v2\/product"}],"about":[{"href":"https:\/\/bambinos.pt\/en\/wp-json\/wp\/v2\/types\/product"}],"replies":[{"embeddable":true,"href":"https:\/\/bambinos.pt\/en\/wp-json\/wp\/v2\/comments?post=1647"}],"wp:featuredmedia":[{"embeddable":true,"href":"https:\/\/bambinos.pt\/en\/wp-json\/wp\/v2\/media\/1648"}],"wp:attachment":[{"href":"https:\/\/bambinos.pt\/en\/wp-json\/wp\/v2\/media?parent=1647"}],"wp:term":[{"taxonomy":"product_brand","embeddable":true,"href":"https:\/\/bambinos.pt\/en\/wp-json\/wp\/v2\/product_brand?post=1647"},{"taxonomy":"product_cat","embeddable":true,"href":"https:\/\/bambinos.pt\/en\/wp-json\/wp\/v2\/product_cat?post=1647"},{"taxonomy":"product_tag","embeddable":true,"href":"https:\/\/bambinos.pt\/en\/wp-json\/wp\/v2\/product_tag?post=1647"}],"curies":[{"name":"wp","href":"https:\/\/api.w.org\/{rel}","templated":true}]}}