{"id":1671,"date":"2025-05-16T10:52:36","date_gmt":"2025-05-16T10:52:36","guid":{"rendered":"https:\/\/bambinos.pt\/?post_type=product&#038;p=1671"},"modified":"2026-01-23T16:55:59","modified_gmt":"2026-01-23T16:55:59","slug":"conjunto-de-2-pecas-paradise","status":"publish","type":"product","link":"https:\/\/bambinos.pt\/en\/loja\/conjunto-de-2-pecas-paradise\/","title":{"rendered":"Conjunto de 2 Pe\u00e7as &#8221; Paradise &#8220;"},"content":{"rendered":"<p><strong>Conjunto de 2 Pe\u00e7as &#8221; Paradise &#8220;<\/strong><\/p>\n<p>Composto por t-shirt e cal\u00e7\u00e3o.<\/p>\n<p>Composi\u00e7\u00e3o: 100% Algod\u00e3o<\/p>\n<p>Fabricado em Portugal<\/p>","protected":false},"excerpt":{"rendered":"<p><strong>Conjunto de 2 Pe\u00e7as &#8221; Paradise &#8220;<\/strong><\/p>\n<p>Composto por t-shirt e cal\u00e7\u00e3o.<\/p>\n<p>Composi\u00e7\u00e3o: 100% Algod\u00e3o<\/p>\n<p>Fabricado em Portugal<\/p>","protected":false},"featured_media":1672,"comment_status":"closed","ping_status":"closed","template":"","meta":[],"product_brand":[],"product_cat":[39,74],"product_tag":[],"class_list":{"0":"post-1671","1":"product","2":"type-product","3":"status-publish","4":"has-post-thumbnail","6":"product_cat-conjuntos","7":"product_cat-conjuntos-bebe-menina-9m-18m","9":"first","10":"instock","11":"sale","12":"sold-individually","13":"taxable","14":"shipping-taxable","15":"purchasable","16":"product-type-variable"},"_links":{"self":[{"href":"https:\/\/bambinos.pt\/en\/wp-json\/wp\/v2\/product\/1671","targetHints":{"allow":["GET"]}}],"collection":[{"href":"https:\/\/bambinos.pt\/en\/wp-json\/wp\/v2\/product"}],"about":[{"href":"https:\/\/bambinos.pt\/en\/wp-json\/wp\/v2\/types\/product"}],"replies":[{"embeddable":true,"href":"https:\/\/bambinos.pt\/en\/wp-json\/wp\/v2\/comments?post=1671"}],"wp:featuredmedia":[{"embeddable":true,"href":"https:\/\/bambinos.pt\/en\/wp-json\/wp\/v2\/media\/1672"}],"wp:attachment":[{"href":"https:\/\/bambinos.pt\/en\/wp-json\/wp\/v2\/media?parent=1671"}],"wp:term":[{"taxonomy":"product_brand","embeddable":true,"href":"https:\/\/bambinos.pt\/en\/wp-json\/wp\/v2\/product_brand?post=1671"},{"taxonomy":"product_cat","embeddable":true,"href":"https:\/\/bambinos.pt\/en\/wp-json\/wp\/v2\/product_cat?post=1671"},{"taxonomy":"product_tag","embeddable":true,"href":"https:\/\/bambinos.pt\/en\/wp-json\/wp\/v2\/product_tag?post=1671"}],"curies":[{"name":"wp","href":"https:\/\/api.w.org\/{rel}","templated":true}]}}