{"id":1847,"date":"2025-05-21T14:21:41","date_gmt":"2025-05-21T14:21:41","guid":{"rendered":"https:\/\/bambinos.pt\/?post_type=product&#038;p=1847"},"modified":"2025-05-21T14:21:41","modified_gmt":"2025-05-21T14:21:41","slug":"mala-de-maternidade-romantic-cinzento","status":"publish","type":"product","link":"https:\/\/bambinos.pt\/en\/loja\/mala-de-maternidade-romantic-cinzento\/","title":{"rendered":"Mala de Maternidade &#8221; Romantic Cinzento &#8220;"},"content":{"rendered":"<p><strong>Mala de Maternidade &#8221; Romantic Cinzento &#8220;<\/strong><\/p>\n<p>Composi\u00e7\u00e3o: Exterior 100% Polipele e Interior 100% Algod\u00e3o<\/p>\n<p>Fabricado em Portugal<\/p>","protected":false},"excerpt":{"rendered":"<p><strong>Mala de Maternidade &#8221; Romantic Cinzento &#8220;<\/strong><\/p>\n<p>Composi\u00e7\u00e3o: Exterior 100% Polipele e Interior 100% Algod\u00e3o<\/p>\n<p>Fabricado em Portugal<\/p>","protected":false},"featured_media":1848,"comment_status":"closed","ping_status":"closed","template":"","meta":[],"product_brand":[],"product_cat":[94],"product_tag":[],"class_list":{"0":"post-1847","1":"product","2":"type-product","3":"status-publish","4":"has-post-thumbnail","6":"product_cat-mala-de-maternidade","8":"first","9":"instock","10":"sold-individually","11":"taxable","12":"shipping-taxable","13":"purchasable","14":"product-type-variable"},"_links":{"self":[{"href":"https:\/\/bambinos.pt\/en\/wp-json\/wp\/v2\/product\/1847","targetHints":{"allow":["GET"]}}],"collection":[{"href":"https:\/\/bambinos.pt\/en\/wp-json\/wp\/v2\/product"}],"about":[{"href":"https:\/\/bambinos.pt\/en\/wp-json\/wp\/v2\/types\/product"}],"replies":[{"embeddable":true,"href":"https:\/\/bambinos.pt\/en\/wp-json\/wp\/v2\/comments?post=1847"}],"wp:featuredmedia":[{"embeddable":true,"href":"https:\/\/bambinos.pt\/en\/wp-json\/wp\/v2\/media\/1848"}],"wp:attachment":[{"href":"https:\/\/bambinos.pt\/en\/wp-json\/wp\/v2\/media?parent=1847"}],"wp:term":[{"taxonomy":"product_brand","embeddable":true,"href":"https:\/\/bambinos.pt\/en\/wp-json\/wp\/v2\/product_brand?post=1847"},{"taxonomy":"product_cat","embeddable":true,"href":"https:\/\/bambinos.pt\/en\/wp-json\/wp\/v2\/product_cat?post=1847"},{"taxonomy":"product_tag","embeddable":true,"href":"https:\/\/bambinos.pt\/en\/wp-json\/wp\/v2\/product_tag?post=1847"}],"curies":[{"name":"wp","href":"https:\/\/api.w.org\/{rel}","templated":true}]}}