{"id":1893,"date":"2025-05-21T15:34:26","date_gmt":"2025-05-21T15:34:26","guid":{"rendered":"https:\/\/bambinos.pt\/?post_type=product&#038;p=1893"},"modified":"2025-05-21T15:34:26","modified_gmt":"2025-05-21T15:34:26","slug":"bolsa-de-cosmeticos-bege-e-azul-velho","status":"publish","type":"product","link":"https:\/\/bambinos.pt\/en\/loja\/bolsa-de-cosmeticos-bege-e-azul-velho\/","title":{"rendered":"Bolsa de Cosm\u00e9ticos &#8221; Bege e Azul Velho &#8220;"},"content":{"rendered":"<p><strong>Bolsa de Cosm\u00e9ticos &#8221; Bege e Azul Velho &#8220;<\/strong><\/p>\n<p>Composi\u00e7\u00e3o: Exterior 100% Polipele e Interior 100% Algod\u00e3o<\/p>\n<p>Fabricado em Portugal<\/p>","protected":false},"excerpt":{"rendered":"<p><strong>Bolsa de Cosm\u00e9ticos &#8221; Bege e Azul Velho &#8220;<\/strong><\/p>\n<p>Composi\u00e7\u00e3o: Exterior 100% Polipele e Interior 100% Algod\u00e3o<\/p>\n<p>Fabricado em Portugal<\/p>","protected":false},"featured_media":1894,"comment_status":"closed","ping_status":"closed","template":"","meta":[],"product_brand":[],"product_cat":[96],"product_tag":[],"class_list":{"0":"post-1893","1":"product","2":"type-product","3":"status-publish","4":"has-post-thumbnail","6":"product_cat-necessaire-e-bolsa-de-cosmeticos","8":"first","9":"instock","10":"sold-individually","11":"taxable","12":"shipping-taxable","13":"purchasable","14":"product-type-variable"},"_links":{"self":[{"href":"https:\/\/bambinos.pt\/en\/wp-json\/wp\/v2\/product\/1893","targetHints":{"allow":["GET"]}}],"collection":[{"href":"https:\/\/bambinos.pt\/en\/wp-json\/wp\/v2\/product"}],"about":[{"href":"https:\/\/bambinos.pt\/en\/wp-json\/wp\/v2\/types\/product"}],"replies":[{"embeddable":true,"href":"https:\/\/bambinos.pt\/en\/wp-json\/wp\/v2\/comments?post=1893"}],"wp:featuredmedia":[{"embeddable":true,"href":"https:\/\/bambinos.pt\/en\/wp-json\/wp\/v2\/media\/1894"}],"wp:attachment":[{"href":"https:\/\/bambinos.pt\/en\/wp-json\/wp\/v2\/media?parent=1893"}],"wp:term":[{"taxonomy":"product_brand","embeddable":true,"href":"https:\/\/bambinos.pt\/en\/wp-json\/wp\/v2\/product_brand?post=1893"},{"taxonomy":"product_cat","embeddable":true,"href":"https:\/\/bambinos.pt\/en\/wp-json\/wp\/v2\/product_cat?post=1893"},{"taxonomy":"product_tag","embeddable":true,"href":"https:\/\/bambinos.pt\/en\/wp-json\/wp\/v2\/product_tag?post=1893"}],"curies":[{"name":"wp","href":"https:\/\/api.w.org\/{rel}","templated":true}]}}