{"id":1902,"date":"2025-05-21T15:45:33","date_gmt":"2025-05-21T15:45:33","guid":{"rendered":"https:\/\/bambinos.pt\/?post_type=product&#038;p=1902"},"modified":"2025-05-21T15:45:33","modified_gmt":"2025-05-21T15:45:33","slug":"muda-fraldas-romantic-bege","status":"publish","type":"product","link":"https:\/\/bambinos.pt\/en\/loja\/muda-fraldas-romantic-bege\/","title":{"rendered":"Muda Fraldas &#8221; Romantic Bege &#8220;"},"content":{"rendered":"<p><strong>Muda Fraldas &#8221; Romantic Bege &#8220;<\/strong><\/p>\n<p>Composi\u00e7\u00e3o: Exterior 100% Polipele e Interior 100% Poli\u00e9ster<\/p>\n<p>Fabricado em Portugal<\/p>","protected":false},"excerpt":{"rendered":"<p><strong>Muda Fraldas &#8221; Romantic Bege &#8220;<\/strong><\/p>\n<p>Composi\u00e7\u00e3o: Exterior 100% Polipele e Interior 100% Poli\u00e9ster<\/p>\n<p>Fabricado em Portugal<\/p>","protected":false},"featured_media":1903,"comment_status":"closed","ping_status":"closed","template":"","meta":[],"product_brand":[],"product_cat":[95],"product_tag":[],"class_list":{"0":"post-1902","1":"product","2":"type-product","3":"status-publish","4":"has-post-thumbnail","6":"product_cat-muda-fraldas","8":"first","9":"instock","10":"sold-individually","11":"taxable","12":"shipping-taxable","13":"purchasable","14":"product-type-variable"},"_links":{"self":[{"href":"https:\/\/bambinos.pt\/en\/wp-json\/wp\/v2\/product\/1902","targetHints":{"allow":["GET"]}}],"collection":[{"href":"https:\/\/bambinos.pt\/en\/wp-json\/wp\/v2\/product"}],"about":[{"href":"https:\/\/bambinos.pt\/en\/wp-json\/wp\/v2\/types\/product"}],"replies":[{"embeddable":true,"href":"https:\/\/bambinos.pt\/en\/wp-json\/wp\/v2\/comments?post=1902"}],"wp:featuredmedia":[{"embeddable":true,"href":"https:\/\/bambinos.pt\/en\/wp-json\/wp\/v2\/media\/1903"}],"wp:attachment":[{"href":"https:\/\/bambinos.pt\/en\/wp-json\/wp\/v2\/media?parent=1902"}],"wp:term":[{"taxonomy":"product_brand","embeddable":true,"href":"https:\/\/bambinos.pt\/en\/wp-json\/wp\/v2\/product_brand?post=1902"},{"taxonomy":"product_cat","embeddable":true,"href":"https:\/\/bambinos.pt\/en\/wp-json\/wp\/v2\/product_cat?post=1902"},{"taxonomy":"product_tag","embeddable":true,"href":"https:\/\/bambinos.pt\/en\/wp-json\/wp\/v2\/product_tag?post=1902"}],"curies":[{"name":"wp","href":"https:\/\/api.w.org\/{rel}","templated":true}]}}