{"id":1952,"date":"2025-05-21T17:10:32","date_gmt":"2025-05-21T17:10:32","guid":{"rendered":"https:\/\/bambinos.pt\/?post_type=product&#038;p=1952"},"modified":"2026-01-22T16:32:21","modified_gmt":"2026-01-22T16:32:21","slug":"meias-antiderrapantes","status":"publish","type":"product","link":"https:\/\/bambinos.pt\/en\/loja\/meias-antiderrapantes\/","title":{"rendered":"Meias Antiderrapantes"},"content":{"rendered":"<p><strong>Meias Antiderrapantes<\/strong><\/p>\n<p>Composi\u00e7\u00e3o: 80% Algod\u00e3o, 15% Poliamida, 5% Elastano<\/p>\n<p>Fabricado em Portugal<\/p>","protected":false},"excerpt":{"rendered":"<p><strong>Meias Antiderrapantes<\/strong><\/p>\n<p>Composi\u00e7\u00e3o: 80% Algod\u00e3o, 15% Poliamida, 5% Elastano<\/p>\n<p>Fabricado em Portugal<\/p>","protected":false},"featured_media":1953,"comment_status":"closed","ping_status":"closed","template":"","meta":[],"product_brand":[],"product_cat":[115,48,126,65,80,91],"product_tag":[],"class_list":{"0":"post-1952","1":"product","2":"type-product","3":"status-publish","4":"has-post-thumbnail","6":"product_cat-meias-acessorios-menina-24m-6a","7":"product_cat-meias","8":"product_cat-meias-acessorios-menino-24m-6a","9":"product_cat-meias-acessorios-recem-nascido","10":"product_cat-meias-acessorios-bebe-menina-9m-18m","11":"product_cat-meias-acessorios-bebe-menino-9m-18m","13":"first","14":"instock","15":"sold-individually","16":"taxable","17":"shipping-taxable","18":"purchasable","19":"product-type-variable"},"_links":{"self":[{"href":"https:\/\/bambinos.pt\/en\/wp-json\/wp\/v2\/product\/1952","targetHints":{"allow":["GET"]}}],"collection":[{"href":"https:\/\/bambinos.pt\/en\/wp-json\/wp\/v2\/product"}],"about":[{"href":"https:\/\/bambinos.pt\/en\/wp-json\/wp\/v2\/types\/product"}],"replies":[{"embeddable":true,"href":"https:\/\/bambinos.pt\/en\/wp-json\/wp\/v2\/comments?post=1952"}],"wp:featuredmedia":[{"embeddable":true,"href":"https:\/\/bambinos.pt\/en\/wp-json\/wp\/v2\/media\/1953"}],"wp:attachment":[{"href":"https:\/\/bambinos.pt\/en\/wp-json\/wp\/v2\/media?parent=1952"}],"wp:term":[{"taxonomy":"product_brand","embeddable":true,"href":"https:\/\/bambinos.pt\/en\/wp-json\/wp\/v2\/product_brand?post=1952"},{"taxonomy":"product_cat","embeddable":true,"href":"https:\/\/bambinos.pt\/en\/wp-json\/wp\/v2\/product_cat?post=1952"},{"taxonomy":"product_tag","embeddable":true,"href":"https:\/\/bambinos.pt\/en\/wp-json\/wp\/v2\/product_tag?post=1952"}],"curies":[{"name":"wp","href":"https:\/\/api.w.org\/{rel}","templated":true}]}}