{"id":1991,"date":"2025-05-22T15:08:17","date_gmt":"2025-05-22T15:08:17","guid":{"rendered":"https:\/\/bambinos.pt\/?post_type=product&#038;p=1991"},"modified":"2026-01-23T16:33:41","modified_gmt":"2026-01-23T16:33:41","slug":"conjunto-de-2-pecas-laminado-manuel-maria","status":"publish","type":"product","link":"https:\/\/bambinos.pt\/en\/loja\/conjunto-de-2-pecas-laminado-manuel-maria\/","title":{"rendered":"Conjunto de 2 Pe\u00e7as Laminado &#8221; Manuel Maria &#8220;"},"content":{"rendered":"<p><strong>Conjunto de 2 Pe\u00e7as Laminado \u201d Manuel Maria\u201c<\/strong><\/p>\n<p>Conjunto de 2 Pe\u00e7as Laminado 80% Poli\u00e9ster e 20% Algod\u00e3o<\/p>\n<p>Fabricado em Portugal<\/p>","protected":false},"excerpt":{"rendered":"<p><strong>Conjunto de 2 Pe\u00e7as Laminado \u201d Manuel Maria\u201c<\/strong><\/p>\n<p>Conjunto de 2 Pe\u00e7as Laminado 80% Poli\u00e9ster e 20% Algod\u00e3o<\/p>\n<p>Fabricado em Portugal<\/p>","protected":false},"featured_media":1992,"comment_status":"closed","ping_status":"closed","template":"","meta":[],"product_brand":[],"product_cat":[39,57],"product_tag":[],"class_list":{"0":"post-1991","1":"product","2":"type-product","3":"status-publish","4":"has-post-thumbnail","6":"product_cat-conjuntos","7":"product_cat-conjuntos-recem-nascido","9":"first","10":"instock","11":"sale","12":"sold-individually","13":"taxable","14":"shipping-taxable","15":"purchasable","16":"product-type-variable"},"_links":{"self":[{"href":"https:\/\/bambinos.pt\/en\/wp-json\/wp\/v2\/product\/1991","targetHints":{"allow":["GET"]}}],"collection":[{"href":"https:\/\/bambinos.pt\/en\/wp-json\/wp\/v2\/product"}],"about":[{"href":"https:\/\/bambinos.pt\/en\/wp-json\/wp\/v2\/types\/product"}],"replies":[{"embeddable":true,"href":"https:\/\/bambinos.pt\/en\/wp-json\/wp\/v2\/comments?post=1991"}],"wp:featuredmedia":[{"embeddable":true,"href":"https:\/\/bambinos.pt\/en\/wp-json\/wp\/v2\/media\/1992"}],"wp:attachment":[{"href":"https:\/\/bambinos.pt\/en\/wp-json\/wp\/v2\/media?parent=1991"}],"wp:term":[{"taxonomy":"product_brand","embeddable":true,"href":"https:\/\/bambinos.pt\/en\/wp-json\/wp\/v2\/product_brand?post=1991"},{"taxonomy":"product_cat","embeddable":true,"href":"https:\/\/bambinos.pt\/en\/wp-json\/wp\/v2\/product_cat?post=1991"},{"taxonomy":"product_tag","embeddable":true,"href":"https:\/\/bambinos.pt\/en\/wp-json\/wp\/v2\/product_tag?post=1991"}],"curies":[{"name":"wp","href":"https:\/\/api.w.org\/{rel}","templated":true}]}}