{"id":2143,"date":"2025-05-23T09:45:04","date_gmt":"2025-05-23T09:45:04","guid":{"rendered":"https:\/\/bambinos.pt\/?post_type=product&#038;p=2143"},"modified":"2025-07-23T15:45:10","modified_gmt":"2025-07-23T15:45:10","slug":"babygrow-tunica-laminado-balu","status":"publish","type":"product","link":"https:\/\/bambinos.pt\/en\/loja\/babygrow-tunica-laminado-balu\/","title":{"rendered":"Babygrow T\u00fanica Laminado &#8221; Balu &#8220;"},"content":{"rendered":"<p><strong>Babygrow T\u00fanica Laminado &#8221; Balu &#8220;<\/strong><\/p>\n<p>Babygrow T\u00fanica Laminado 80% Poli\u00e9ster e 20% Algod\u00e3o<\/p>\n<p>Fabricado em Portugal<\/p>","protected":false},"excerpt":{"rendered":"<p><strong>Babygrow T\u00fanica Laminado &#8221; Balu &#8220;<\/strong><\/p>\n<p>Babygrow T\u00fanica Laminado 80% Poli\u00e9ster e 20% Algod\u00e3o<\/p>\n<p>Fabricado em Portugal<\/p>","protected":false},"featured_media":2147,"comment_status":"closed","ping_status":"closed","template":"","meta":[],"product_brand":[],"product_cat":[40,58],"product_tag":[],"class_list":{"0":"post-2143","1":"product","2":"type-product","3":"status-publish","4":"has-post-thumbnail","6":"product_cat-pijamas-babygrow","7":"product_cat-pijamas-e-babygrow","9":"first","10":"instock","11":"sale","12":"sold-individually","13":"taxable","14":"shipping-taxable","15":"purchasable","16":"product-type-variable"},"_links":{"self":[{"href":"https:\/\/bambinos.pt\/en\/wp-json\/wp\/v2\/product\/2143","targetHints":{"allow":["GET"]}}],"collection":[{"href":"https:\/\/bambinos.pt\/en\/wp-json\/wp\/v2\/product"}],"about":[{"href":"https:\/\/bambinos.pt\/en\/wp-json\/wp\/v2\/types\/product"}],"replies":[{"embeddable":true,"href":"https:\/\/bambinos.pt\/en\/wp-json\/wp\/v2\/comments?post=2143"}],"wp:featuredmedia":[{"embeddable":true,"href":"https:\/\/bambinos.pt\/en\/wp-json\/wp\/v2\/media\/2147"}],"wp:attachment":[{"href":"https:\/\/bambinos.pt\/en\/wp-json\/wp\/v2\/media?parent=2143"}],"wp:term":[{"taxonomy":"product_brand","embeddable":true,"href":"https:\/\/bambinos.pt\/en\/wp-json\/wp\/v2\/product_brand?post=2143"},{"taxonomy":"product_cat","embeddable":true,"href":"https:\/\/bambinos.pt\/en\/wp-json\/wp\/v2\/product_cat?post=2143"},{"taxonomy":"product_tag","embeddable":true,"href":"https:\/\/bambinos.pt\/en\/wp-json\/wp\/v2\/product_tag?post=2143"}],"curies":[{"name":"wp","href":"https:\/\/api.w.org\/{rel}","templated":true}]}}