{"id":2531,"date":"2025-05-26T14:07:51","date_gmt":"2025-05-26T14:07:51","guid":{"rendered":"https:\/\/bambinos.pt\/?post_type=product&#038;p=2531"},"modified":"2026-01-22T16:29:39","modified_gmt":"2026-01-22T16:29:39","slug":"conjunto-lencois-de-berco-toys","status":"publish","type":"product","link":"https:\/\/bambinos.pt\/en\/loja\/conjunto-lencois-de-berco-toys\/","title":{"rendered":"Conjunto Len\u00e7\u00f3is de Ber\u00e7o &#8221; Toys &#8220;"},"content":{"rendered":"<p>Conjunto de Len\u00e7\u00f3is de Ber\u00e7o tema \u201d Toys \u201d<\/p>\n<p>Conjunto composto por:<\/p>\n<ul>\n<li>Len\u00e7ol de cima<\/li>\n<li>Len\u00e7ol de baixo com el\u00e1stico<\/li>\n<li>Fronha para almofada<\/li>\n<\/ul>\n<p>Composi\u00e7\u00e3o:<\/p>\n<ul>\n<li>100% Algod\u00e3o<\/li>\n<\/ul>\n<p>Dimens\u00f5es:<\/p>\n<ul>\n<li>60x120cm<\/li>\n<\/ul>\n<p>Fabricado em Portugal<\/p>","protected":false},"excerpt":{"rendered":"<p>Conjunto de Len\u00e7\u00f3is de Ber\u00e7o tema \u201d Toys \u201d<\/p>\n<p>Conjunto composto por:<\/p>\n<ul>\n<li>Len\u00e7ol de cima<\/li>\n<li>Len\u00e7ol de baixo com el\u00e1stico<\/li>\n<li>Fronha para almofada<\/li>\n<\/ul>\n<p>Composi\u00e7\u00e3o:<\/p>\n<ul>\n<li>100% Algod\u00e3o<\/li>\n<\/ul>\n<p>Dimens\u00f5es:<\/p>\n<ul>\n<li>60x120cm<\/li>\n<\/ul>\n<p>Fabricado em Portugal<\/p>","protected":false},"featured_media":2532,"comment_status":"closed","ping_status":"closed","template":"","meta":[],"product_brand":[],"product_cat":[102],"product_tag":[],"class_list":{"0":"post-2531","1":"product","2":"type-product","3":"status-publish","4":"has-post-thumbnail","6":"product_cat-lencois-de-berco","8":"first","9":"instock","10":"sale","11":"sold-individually","12":"taxable","13":"shipping-taxable","14":"purchasable","15":"product-type-variable"},"_links":{"self":[{"href":"https:\/\/bambinos.pt\/en\/wp-json\/wp\/v2\/product\/2531","targetHints":{"allow":["GET"]}}],"collection":[{"href":"https:\/\/bambinos.pt\/en\/wp-json\/wp\/v2\/product"}],"about":[{"href":"https:\/\/bambinos.pt\/en\/wp-json\/wp\/v2\/types\/product"}],"replies":[{"embeddable":true,"href":"https:\/\/bambinos.pt\/en\/wp-json\/wp\/v2\/comments?post=2531"}],"wp:featuredmedia":[{"embeddable":true,"href":"https:\/\/bambinos.pt\/en\/wp-json\/wp\/v2\/media\/2532"}],"wp:attachment":[{"href":"https:\/\/bambinos.pt\/en\/wp-json\/wp\/v2\/media?parent=2531"}],"wp:term":[{"taxonomy":"product_brand","embeddable":true,"href":"https:\/\/bambinos.pt\/en\/wp-json\/wp\/v2\/product_brand?post=2531"},{"taxonomy":"product_cat","embeddable":true,"href":"https:\/\/bambinos.pt\/en\/wp-json\/wp\/v2\/product_cat?post=2531"},{"taxonomy":"product_tag","embeddable":true,"href":"https:\/\/bambinos.pt\/en\/wp-json\/wp\/v2\/product_tag?post=2531"}],"curies":[{"name":"wp","href":"https:\/\/api.w.org\/{rel}","templated":true}]}}