{"id":2629,"date":"2025-05-27T11:35:28","date_gmt":"2025-05-27T11:35:28","guid":{"rendered":"https:\/\/bambinos.pt\/?post_type=product&#038;p=2629"},"modified":"2026-01-23T16:01:22","modified_gmt":"2026-01-23T16:01:22","slug":"babete-leaozinho-riscas","status":"publish","type":"product","link":"https:\/\/bambinos.pt\/en\/loja\/babete-leaozinho-riscas\/","title":{"rendered":"Babete &#8221; Le\u00e3ozinho Riscas&#8221;"},"content":{"rendered":"<p><strong>Babete \u201dLe\u00e3ozinho Riscas\u201c<\/strong><\/p>\n<p>Babete forrado a Turco<\/p>\n<p>Composi\u00e7\u00e3o:<\/p>\n<p>Frente 100% Algod\u00e3o<\/p>\n<p>Atr\u00e1s 50% PVC, 40% Algod\u00e3o, 10% Poli\u00e9ster<\/p>\n<p>Fabricado em Portugal<\/p>","protected":false},"excerpt":{"rendered":"<p><strong>Babete \u201dLe\u00e3ozinho Riscas\u201c<\/strong><\/p>\n<p>Babete forrado a Turco<\/p>\n<p>Composi\u00e7\u00e3o:<\/p>\n<p>Frente 100% Algod\u00e3o<\/p>\n<p>Atr\u00e1s 50% PVC, 40% Algod\u00e3o, 10% Poli\u00e9ster<\/p>\n<p>Fabricado em Portugal<\/p>","protected":false},"featured_media":2631,"comment_status":"closed","ping_status":"closed","template":"","meta":[],"product_brand":[],"product_cat":[69],"product_tag":[],"class_list":{"0":"post-2629","1":"product","2":"type-product","3":"status-publish","4":"has-post-thumbnail","6":"product_cat-babetes-acessorios-recem-nascido","8":"first","9":"instock","10":"sale","11":"taxable","12":"shipping-taxable","13":"purchasable","14":"product-type-variable"},"_links":{"self":[{"href":"https:\/\/bambinos.pt\/en\/wp-json\/wp\/v2\/product\/2629","targetHints":{"allow":["GET"]}}],"collection":[{"href":"https:\/\/bambinos.pt\/en\/wp-json\/wp\/v2\/product"}],"about":[{"href":"https:\/\/bambinos.pt\/en\/wp-json\/wp\/v2\/types\/product"}],"replies":[{"embeddable":true,"href":"https:\/\/bambinos.pt\/en\/wp-json\/wp\/v2\/comments?post=2629"}],"wp:featuredmedia":[{"embeddable":true,"href":"https:\/\/bambinos.pt\/en\/wp-json\/wp\/v2\/media\/2631"}],"wp:attachment":[{"href":"https:\/\/bambinos.pt\/en\/wp-json\/wp\/v2\/media?parent=2629"}],"wp:term":[{"taxonomy":"product_brand","embeddable":true,"href":"https:\/\/bambinos.pt\/en\/wp-json\/wp\/v2\/product_brand?post=2629"},{"taxonomy":"product_cat","embeddable":true,"href":"https:\/\/bambinos.pt\/en\/wp-json\/wp\/v2\/product_cat?post=2629"},{"taxonomy":"product_tag","embeddable":true,"href":"https:\/\/bambinos.pt\/en\/wp-json\/wp\/v2\/product_tag?post=2629"}],"curies":[{"name":"wp","href":"https:\/\/api.w.org\/{rel}","templated":true}]}}