{"id":2691,"date":"2025-05-27T16:54:15","date_gmt":"2025-05-27T16:54:15","guid":{"rendered":"https:\/\/bambinos.pt\/?post_type=product&#038;p=2691"},"modified":"2026-01-23T16:03:36","modified_gmt":"2026-01-23T16:03:36","slug":"babete-avo-tata","status":"publish","type":"product","link":"https:\/\/bambinos.pt\/en\/loja\/babete-avo-tata\/","title":{"rendered":"Babete&#8221; Av\u00f3 Tat\u00e1&#8221;"},"content":{"rendered":"<p><strong>Babete \u201dAv\u00f3 Tat\u00e1\u201c<\/strong><\/p>\n<p>Babete forrado a Turco<\/p>\n<p>Composi\u00e7\u00e3o:<\/p>\n<p>Frente 100% Algod\u00e3o<\/p>\n<p>Atr\u00e1s 50% PVC, 40% Algod\u00e3o, 10% Poli\u00e9ster<\/p>\n<p>Fabricado em Portugal<\/p>","protected":false},"excerpt":{"rendered":"<p><strong>Babete \u201dAv\u00f3 Tat\u00e1\u201c<\/strong><\/p>\n<p>Babete forrado a Turco<\/p>\n<p>Composi\u00e7\u00e3o:<\/p>\n<p>Frente 100% Algod\u00e3o<\/p>\n<p>Atr\u00e1s 50% PVC, 40% Algod\u00e3o, 10% Poli\u00e9ster<\/p>\n<p>Fabricado em Portugal<\/p>","protected":false},"featured_media":2693,"comment_status":"closed","ping_status":"closed","template":"","meta":[],"product_brand":[],"product_cat":[52,69],"product_tag":[],"class_list":{"0":"post-2691","1":"product","2":"type-product","3":"status-publish","4":"has-post-thumbnail","6":"product_cat-babetes","7":"product_cat-babetes-acessorios-recem-nascido","9":"first","10":"instock","11":"sale","12":"sold-individually","13":"taxable","14":"shipping-taxable","15":"purchasable","16":"product-type-variable"},"_links":{"self":[{"href":"https:\/\/bambinos.pt\/en\/wp-json\/wp\/v2\/product\/2691","targetHints":{"allow":["GET"]}}],"collection":[{"href":"https:\/\/bambinos.pt\/en\/wp-json\/wp\/v2\/product"}],"about":[{"href":"https:\/\/bambinos.pt\/en\/wp-json\/wp\/v2\/types\/product"}],"replies":[{"embeddable":true,"href":"https:\/\/bambinos.pt\/en\/wp-json\/wp\/v2\/comments?post=2691"}],"wp:featuredmedia":[{"embeddable":true,"href":"https:\/\/bambinos.pt\/en\/wp-json\/wp\/v2\/media\/2693"}],"wp:attachment":[{"href":"https:\/\/bambinos.pt\/en\/wp-json\/wp\/v2\/media?parent=2691"}],"wp:term":[{"taxonomy":"product_brand","embeddable":true,"href":"https:\/\/bambinos.pt\/en\/wp-json\/wp\/v2\/product_brand?post=2691"},{"taxonomy":"product_cat","embeddable":true,"href":"https:\/\/bambinos.pt\/en\/wp-json\/wp\/v2\/product_cat?post=2691"},{"taxonomy":"product_tag","embeddable":true,"href":"https:\/\/bambinos.pt\/en\/wp-json\/wp\/v2\/product_tag?post=2691"}],"curies":[{"name":"wp","href":"https:\/\/api.w.org\/{rel}","templated":true}]}}