{"id":2824,"date":"2025-05-28T14:41:48","date_gmt":"2025-05-28T14:41:48","guid":{"rendered":"https:\/\/bambinos.pt\/?post_type=product&#038;p=2824"},"modified":"2026-01-23T15:42:14","modified_gmt":"2026-01-23T15:42:14","slug":"babete-romantic-1-felpo-rosa","status":"publish","type":"product","link":"https:\/\/bambinos.pt\/en\/loja\/babete-romantic-1-felpo-rosa\/","title":{"rendered":"Babete &#8221; Romantic 1 Felpo Rosa &#8220;"},"content":{"rendered":"<p><strong>Babete Tema: \u201dRomantic 1 Felpo Rosa \u201d<\/strong><\/p>\n<p>Babete forrado a Turco<\/p>\n<p>Composi\u00e7\u00e3o:<\/p>\n<p>Frente 100% Algod\u00e3o<\/p>\n<p>Atr\u00e1s 50% PVC, 40% Algod\u00e3o, 10% Poli\u00e9ster<\/p>\n<p>Fabricado em Portugal<\/p>","protected":false},"excerpt":{"rendered":"<p><strong>Babete Tema: \u201dRomantic 1 Felpo Rosa \u201d<\/strong><\/p>\n<p>Babete forrado a Turco<\/p>\n<p>Composi\u00e7\u00e3o:<\/p>\n<p>Frente 100% Algod\u00e3o<\/p>\n<p>Atr\u00e1s 50% PVC, 40% Algod\u00e3o, 10% Poli\u00e9ster<\/p>\n<p>Fabricado em Portugal<\/p>","protected":false},"featured_media":2825,"comment_status":"closed","ping_status":"closed","template":"","meta":[],"product_brand":[],"product_cat":[52],"product_tag":[],"class_list":{"0":"post-2824","1":"product","2":"type-product","3":"status-publish","4":"has-post-thumbnail","6":"product_cat-babetes","8":"first","9":"instock","10":"sale","11":"sold-individually","12":"taxable","13":"shipping-taxable","14":"purchasable","15":"product-type-variable"},"_links":{"self":[{"href":"https:\/\/bambinos.pt\/en\/wp-json\/wp\/v2\/product\/2824","targetHints":{"allow":["GET"]}}],"collection":[{"href":"https:\/\/bambinos.pt\/en\/wp-json\/wp\/v2\/product"}],"about":[{"href":"https:\/\/bambinos.pt\/en\/wp-json\/wp\/v2\/types\/product"}],"replies":[{"embeddable":true,"href":"https:\/\/bambinos.pt\/en\/wp-json\/wp\/v2\/comments?post=2824"}],"wp:featuredmedia":[{"embeddable":true,"href":"https:\/\/bambinos.pt\/en\/wp-json\/wp\/v2\/media\/2825"}],"wp:attachment":[{"href":"https:\/\/bambinos.pt\/en\/wp-json\/wp\/v2\/media?parent=2824"}],"wp:term":[{"taxonomy":"product_brand","embeddable":true,"href":"https:\/\/bambinos.pt\/en\/wp-json\/wp\/v2\/product_brand?post=2824"},{"taxonomy":"product_cat","embeddable":true,"href":"https:\/\/bambinos.pt\/en\/wp-json\/wp\/v2\/product_cat?post=2824"},{"taxonomy":"product_tag","embeddable":true,"href":"https:\/\/bambinos.pt\/en\/wp-json\/wp\/v2\/product_tag?post=2824"}],"curies":[{"name":"wp","href":"https:\/\/api.w.org\/{rel}","templated":true}]}}