{"id":2866,"date":"2025-05-28T15:53:44","date_gmt":"2025-05-28T15:53:44","guid":{"rendered":"https:\/\/bambinos.pt\/?post_type=product&#038;p=2866"},"modified":"2026-01-23T15:37:24","modified_gmt":"2026-01-23T15:37:24","slug":"babete-romantic-1-azul","status":"publish","type":"product","link":"https:\/\/bambinos.pt\/en\/loja\/babete-romantic-1-azul\/","title":{"rendered":"Babete &#8221; Romantic 1 Azul &#8220;"},"content":{"rendered":"<p><strong>Babete \u201d Romantic 1 Azul\u201d<\/strong><\/p>\n<p>Babete forrado a Turco<\/p>\n<p>Composi\u00e7\u00e3o:<\/p>\n<p>Frente 100% Algod\u00e3o<\/p>\n<p>Atr\u00e1s 50% PVC, 40% Algod\u00e3o, 10% Poli\u00e9ster<\/p>\n<p>Fabricado em Portugal<\/p>","protected":false},"excerpt":{"rendered":"<p><strong>Babete \u201d Romantic 1 Azul\u201d<\/strong><\/p>\n<p>Babete forrado a Turco<\/p>\n<p>Composi\u00e7\u00e3o:<\/p>\n<p>Frente 100% Algod\u00e3o<\/p>\n<p>Atr\u00e1s 50% PVC, 40% Algod\u00e3o, 10% Poli\u00e9ster<\/p>\n<p>Fabricado em Portugal<\/p>","protected":false},"featured_media":2867,"comment_status":"closed","ping_status":"closed","template":"","meta":[],"product_brand":[],"product_cat":[69],"product_tag":[],"class_list":{"0":"post-2866","1":"product","2":"type-product","3":"status-publish","4":"has-post-thumbnail","6":"product_cat-babetes-acessorios-recem-nascido","8":"first","9":"instock","10":"sale","11":"sold-individually","12":"taxable","13":"shipping-taxable","14":"purchasable","15":"product-type-variable"},"_links":{"self":[{"href":"https:\/\/bambinos.pt\/en\/wp-json\/wp\/v2\/product\/2866","targetHints":{"allow":["GET"]}}],"collection":[{"href":"https:\/\/bambinos.pt\/en\/wp-json\/wp\/v2\/product"}],"about":[{"href":"https:\/\/bambinos.pt\/en\/wp-json\/wp\/v2\/types\/product"}],"replies":[{"embeddable":true,"href":"https:\/\/bambinos.pt\/en\/wp-json\/wp\/v2\/comments?post=2866"}],"wp:featuredmedia":[{"embeddable":true,"href":"https:\/\/bambinos.pt\/en\/wp-json\/wp\/v2\/media\/2867"}],"wp:attachment":[{"href":"https:\/\/bambinos.pt\/en\/wp-json\/wp\/v2\/media?parent=2866"}],"wp:term":[{"taxonomy":"product_brand","embeddable":true,"href":"https:\/\/bambinos.pt\/en\/wp-json\/wp\/v2\/product_brand?post=2866"},{"taxonomy":"product_cat","embeddable":true,"href":"https:\/\/bambinos.pt\/en\/wp-json\/wp\/v2\/product_cat?post=2866"},{"taxonomy":"product_tag","embeddable":true,"href":"https:\/\/bambinos.pt\/en\/wp-json\/wp\/v2\/product_tag?post=2866"}],"curies":[{"name":"wp","href":"https:\/\/api.w.org\/{rel}","templated":true}]}}