{"id":2917,"date":"2025-05-28T16:30:37","date_gmt":"2025-05-28T16:30:37","guid":{"rendered":"https:\/\/bambinos.pt\/?post_type=product&#038;p=2917"},"modified":"2025-07-24T11:51:07","modified_gmt":"2025-07-24T11:51:07","slug":"picking-flowers-hairband","status":"publish","type":"product","link":"https:\/\/bambinos.pt\/en\/loja\/picking-flowers-hairband\/","title":{"rendered":"Picking Flowers Hairband"},"content":{"rendered":"<p>Fita de Cabelo em Malha<\/p>\n<p>Composi\u00e7\u00e3o: 100% Algod\u00e3o Org\u00e2nico<\/p>\n<p>Fabricado em Portugal<\/p>","protected":false},"excerpt":{"rendered":"<p>Fita de Cabelo em Malha<\/p>\n<p>Composi\u00e7\u00e3o: 100% Algod\u00e3o Org\u00e2nico<\/p>\n<p>Fabricado em Portugal<\/p>","protected":false},"featured_media":2918,"comment_status":"closed","ping_status":"closed","template":"","meta":[],"product_brand":[],"product_cat":[55],"product_tag":[],"class_list":{"0":"post-2917","1":"product","2":"type-product","3":"status-publish","4":"has-post-thumbnail","6":"product_cat-fitas-de-cabelos","8":"first","9":"instock","10":"taxable","11":"shipping-taxable","12":"purchasable","13":"product-type-variable"},"_links":{"self":[{"href":"https:\/\/bambinos.pt\/en\/wp-json\/wp\/v2\/product\/2917","targetHints":{"allow":["GET"]}}],"collection":[{"href":"https:\/\/bambinos.pt\/en\/wp-json\/wp\/v2\/product"}],"about":[{"href":"https:\/\/bambinos.pt\/en\/wp-json\/wp\/v2\/types\/product"}],"replies":[{"embeddable":true,"href":"https:\/\/bambinos.pt\/en\/wp-json\/wp\/v2\/comments?post=2917"}],"wp:featuredmedia":[{"embeddable":true,"href":"https:\/\/bambinos.pt\/en\/wp-json\/wp\/v2\/media\/2918"}],"wp:attachment":[{"href":"https:\/\/bambinos.pt\/en\/wp-json\/wp\/v2\/media?parent=2917"}],"wp:term":[{"taxonomy":"product_brand","embeddable":true,"href":"https:\/\/bambinos.pt\/en\/wp-json\/wp\/v2\/product_brand?post=2917"},{"taxonomy":"product_cat","embeddable":true,"href":"https:\/\/bambinos.pt\/en\/wp-json\/wp\/v2\/product_cat?post=2917"},{"taxonomy":"product_tag","embeddable":true,"href":"https:\/\/bambinos.pt\/en\/wp-json\/wp\/v2\/product_tag?post=2917"}],"curies":[{"name":"wp","href":"https:\/\/api.w.org\/{rel}","templated":true}]}}