{"id":3155,"date":"2025-06-26T15:01:55","date_gmt":"2025-06-26T15:01:55","guid":{"rendered":"https:\/\/bambinos.pt\/?post_type=product&#038;p=3155"},"modified":"2025-07-24T10:28:29","modified_gmt":"2025-07-24T10:28:29","slug":"cama-nona-branco","status":"publish","type":"product","link":"https:\/\/bambinos.pt\/en\/loja\/cama-nona-branco\/","title":{"rendered":"Cama Nona Branco"},"content":{"rendered":"<p><strong>Cama Nona Branco Mate\u00a0<\/strong><\/p>\n<div class=\"row-composition\" data-compositionname=\"Detalhes e Cuidados\">\n<div class=\"composition-title\">\n<p class=\"list-nav-subtitle\">Detalhes e Cuidados<\/p>\n<\/div>\n<div class=\"composition-info page-content\">\n<p class=\"item_feature paragraph\">&#8211; Estrado regul\u00e1vel em 3 alturas em vers\u00e3o cama.<br \/>\n&#8211; Lateral amov\u00edvel com sistema oculto.<br \/>\n&#8211; Tintas e vernizes n\u00e3o t\u00f3xicos.<br \/>\n&#8211; Inclui jogo de p\u00e9s.<br \/>\n&#8211; Material: Madeira de pinho maci\u00e7a \/ MDF lacado \/ Melamina.<br \/>\n&#8211; Dimens\u00f5es internas: 120x60cm.<br \/>\n&#8211; Dimens\u00f5es externas vers\u00e3o cama: 123 x 67 x 90cm.<br \/>\n&#8211; Colch\u00e3o n\u00e3o inclu\u00eddo.<\/p>\n<\/div>\n<\/div>\n<div class=\"row-composition\" data-compositionname=\"Informa\u00e7\u00e3o Legal\">\n<div class=\"composition-title\"><\/div>\n<\/div>","protected":false},"excerpt":{"rendered":"<p>Cama Nona Branco Mate\u00a0 Detalhes e Cuidados &#8211; Estrado regul\u00e1vel em 3 alturas em vers\u00e3o cama. &#8211; Lateral amov\u00edvel com sistema oculto. &#8211; Tintas e vernizes n\u00e3o t\u00f3xicos. &#8211; Inclui jogo de p\u00e9s. &#8211; Material: Madeira de pinho maci\u00e7a \/ MDF lacado \/ Melamina. &#8211; Dimens\u00f5es internas: 120x60cm. &#8211; Dimens\u00f5es externas vers\u00e3o cama: 123 x 67 x 90cm. &#8211; Colch\u00e3o n\u00e3o inclu\u00eddo.<\/p>","protected":false},"featured_media":3156,"comment_status":"closed","ping_status":"closed","template":"","meta":[],"product_brand":[],"product_cat":[200],"product_tag":[],"class_list":{"0":"post-3155","1":"product","2":"type-product","3":"status-publish","4":"has-post-thumbnail","6":"product_cat-bercos-e-next2me","8":"first","9":"instock","10":"sold-individually","11":"taxable","12":"shipping-taxable","13":"purchasable","14":"product-type-variable"},"_links":{"self":[{"href":"https:\/\/bambinos.pt\/en\/wp-json\/wp\/v2\/product\/3155","targetHints":{"allow":["GET"]}}],"collection":[{"href":"https:\/\/bambinos.pt\/en\/wp-json\/wp\/v2\/product"}],"about":[{"href":"https:\/\/bambinos.pt\/en\/wp-json\/wp\/v2\/types\/product"}],"replies":[{"embeddable":true,"href":"https:\/\/bambinos.pt\/en\/wp-json\/wp\/v2\/comments?post=3155"}],"wp:featuredmedia":[{"embeddable":true,"href":"https:\/\/bambinos.pt\/en\/wp-json\/wp\/v2\/media\/3156"}],"wp:attachment":[{"href":"https:\/\/bambinos.pt\/en\/wp-json\/wp\/v2\/media?parent=3155"}],"wp:term":[{"taxonomy":"product_brand","embeddable":true,"href":"https:\/\/bambinos.pt\/en\/wp-json\/wp\/v2\/product_brand?post=3155"},{"taxonomy":"product_cat","embeddable":true,"href":"https:\/\/bambinos.pt\/en\/wp-json\/wp\/v2\/product_cat?post=3155"},{"taxonomy":"product_tag","embeddable":true,"href":"https:\/\/bambinos.pt\/en\/wp-json\/wp\/v2\/product_tag?post=3155"}],"curies":[{"name":"wp","href":"https:\/\/api.w.org\/{rel}","templated":true}]}}