{"id":3158,"date":"2025-06-26T15:05:11","date_gmt":"2025-06-26T15:05:11","guid":{"rendered":"https:\/\/bambinos.pt\/?post_type=product&#038;p=3158"},"modified":"2025-07-24T10:28:00","modified_gmt":"2025-07-24T10:28:00","slug":"cama-round-branco","status":"publish","type":"product","link":"https:\/\/bambinos.pt\/en\/loja\/cama-round-branco\/","title":{"rendered":"Cama Round Branco"},"content":{"rendered":"<p>Cama Round Branco<\/p>\n<div class=\"composition-title\">\n<p class=\"list-nav-subtitle\">Detalhes<\/p>\n<\/div>\n<div class=\"composition-info page-content\">\n<p class=\"item_feature paragraph\">&#8211; 3 posi\u00e7\u00f5es de estrado em vers\u00e3o cama.<br \/>\n&#8211; Lateral amov\u00edvel com sistema oculto.<br \/>\n&#8211; Medidas internas da cama: 120x60cm.<br \/>\n&#8211; Medidas exteriores da cama: 123.3 x 66.5 x 94cm.<br \/>\n&#8211; Material: Madeira de pinho e MDF Lacado.<br \/>\n&#8211; Colch\u00e3o n\u00e3o inclu\u00eddo.<\/p>\n<\/div>","protected":false},"excerpt":{"rendered":"<p>Cama Round Branco Detalhes &#8211; 3 posi\u00e7\u00f5es de estrado em vers\u00e3o cama. &#8211; Lateral amov\u00edvel com sistema oculto. &#8211; Medidas internas da cama: 120x60cm. &#8211; Medidas exteriores da cama: 123.3 x 66.5 x 94cm. &#8211; Material: Madeira de pinho e MDF Lacado. &#8211; Colch\u00e3o n\u00e3o inclu\u00eddo.<\/p>","protected":false},"featured_media":3159,"comment_status":"closed","ping_status":"closed","template":"","meta":[],"product_brand":[],"product_cat":[200],"product_tag":[],"class_list":{"0":"post-3158","1":"product","2":"type-product","3":"status-publish","4":"has-post-thumbnail","6":"product_cat-bercos-e-next2me","8":"first","9":"instock","10":"sold-individually","11":"taxable","12":"shipping-taxable","13":"purchasable","14":"product-type-variable"},"_links":{"self":[{"href":"https:\/\/bambinos.pt\/en\/wp-json\/wp\/v2\/product\/3158","targetHints":{"allow":["GET"]}}],"collection":[{"href":"https:\/\/bambinos.pt\/en\/wp-json\/wp\/v2\/product"}],"about":[{"href":"https:\/\/bambinos.pt\/en\/wp-json\/wp\/v2\/types\/product"}],"replies":[{"embeddable":true,"href":"https:\/\/bambinos.pt\/en\/wp-json\/wp\/v2\/comments?post=3158"}],"wp:featuredmedia":[{"embeddable":true,"href":"https:\/\/bambinos.pt\/en\/wp-json\/wp\/v2\/media\/3159"}],"wp:attachment":[{"href":"https:\/\/bambinos.pt\/en\/wp-json\/wp\/v2\/media?parent=3158"}],"wp:term":[{"taxonomy":"product_brand","embeddable":true,"href":"https:\/\/bambinos.pt\/en\/wp-json\/wp\/v2\/product_brand?post=3158"},{"taxonomy":"product_cat","embeddable":true,"href":"https:\/\/bambinos.pt\/en\/wp-json\/wp\/v2\/product_cat?post=3158"},{"taxonomy":"product_tag","embeddable":true,"href":"https:\/\/bambinos.pt\/en\/wp-json\/wp\/v2\/product_tag?post=3158"}],"curies":[{"name":"wp","href":"https:\/\/api.w.org\/{rel}","templated":true}]}}