{"id":3475,"date":"2025-07-31T14:33:52","date_gmt":"2025-07-31T14:33:52","guid":{"rendered":"https:\/\/bambinos.pt\/?post_type=product&#038;p=3475"},"modified":"2026-01-23T15:17:53","modified_gmt":"2026-01-23T15:17:53","slug":"babygrow-laminado-tunica-theo","status":"publish","type":"product","link":"https:\/\/bambinos.pt\/en\/loja\/babygrow-laminado-tunica-theo\/","title":{"rendered":"Babygrow Laminado T\u00fanica &#8221; Th\u00e9o &#8220;"},"content":{"rendered":"<p><strong>Babygrow Laminado T\u00fanica \u201d Th\u00e9o \u201c<\/strong><\/p>\n<p>Babygrow Laminado 80% Algod\u00e3o, 20% Poli\u00e9ster<\/p>\n<p>Fabricado em Portugal<\/p>","protected":false},"excerpt":{"rendered":"<p><strong>Babygrow Laminado T\u00fanica \u201d Th\u00e9o \u201c<\/strong><\/p>\n<p>Babygrow Laminado 80% Algod\u00e3o, 20% Poli\u00e9ster<\/p>\n<p>Fabricado em Portugal<\/p>","protected":false},"featured_media":3476,"comment_status":"closed","ping_status":"closed","template":"","meta":[],"product_brand":[],"product_cat":[58],"product_tag":[],"class_list":{"0":"post-3475","1":"product","2":"type-product","3":"status-publish","4":"has-post-thumbnail","6":"product_cat-pijamas-e-babygrow","8":"first","9":"instock","10":"sale","11":"sold-individually","12":"taxable","13":"shipping-taxable","14":"purchasable","15":"product-type-variable"},"_links":{"self":[{"href":"https:\/\/bambinos.pt\/en\/wp-json\/wp\/v2\/product\/3475","targetHints":{"allow":["GET"]}}],"collection":[{"href":"https:\/\/bambinos.pt\/en\/wp-json\/wp\/v2\/product"}],"about":[{"href":"https:\/\/bambinos.pt\/en\/wp-json\/wp\/v2\/types\/product"}],"replies":[{"embeddable":true,"href":"https:\/\/bambinos.pt\/en\/wp-json\/wp\/v2\/comments?post=3475"}],"wp:featuredmedia":[{"embeddable":true,"href":"https:\/\/bambinos.pt\/en\/wp-json\/wp\/v2\/media\/3476"}],"wp:attachment":[{"href":"https:\/\/bambinos.pt\/en\/wp-json\/wp\/v2\/media?parent=3475"}],"wp:term":[{"taxonomy":"product_brand","embeddable":true,"href":"https:\/\/bambinos.pt\/en\/wp-json\/wp\/v2\/product_brand?post=3475"},{"taxonomy":"product_cat","embeddable":true,"href":"https:\/\/bambinos.pt\/en\/wp-json\/wp\/v2\/product_cat?post=3475"},{"taxonomy":"product_tag","embeddable":true,"href":"https:\/\/bambinos.pt\/en\/wp-json\/wp\/v2\/product_tag?post=3475"}],"curies":[{"name":"wp","href":"https:\/\/api.w.org\/{rel}","templated":true}]}}