{"id":3490,"date":"2025-07-31T14:48:56","date_gmt":"2025-07-31T14:48:56","guid":{"rendered":"https:\/\/bambinos.pt\/?post_type=product&#038;p=3490"},"modified":"2026-01-23T15:16:58","modified_gmt":"2026-01-23T15:16:58","slug":"pijama-cardado-theo","status":"publish","type":"product","link":"https:\/\/bambinos.pt\/en\/loja\/pijama-cardado-theo\/","title":{"rendered":"Pijama Cardado &#8221; Th\u00e9o &#8220;"},"content":{"rendered":"<p><strong>Pijama Cardado \u201d Th\u00e9o\u00a0 \u201c<\/strong><\/p>\n<p>Camisola Cardada<\/p>\n<p>Cal\u00e7as em Musseline<\/p>\n<p>Composi\u00e7\u00e3o: 100% Algod\u00e3o<\/p>\n<p>Fabricado em Portugal<\/p>","protected":false},"excerpt":{"rendered":"<p><strong>Pijama Cardado \u201d Th\u00e9o\u00a0 \u201c<\/strong><\/p>\n<p>Camisola Cardada<\/p>\n<p>Cal\u00e7as em Musseline<\/p>\n<p>Composi\u00e7\u00e3o: 100% Algod\u00e3o<\/p>\n<p>Fabricado em Portugal<\/p>","protected":false},"featured_media":3491,"comment_status":"closed","ping_status":"closed","template":"","meta":[],"product_brand":[],"product_cat":[85],"product_tag":[],"class_list":{"0":"post-3490","1":"product","2":"type-product","3":"status-publish","4":"has-post-thumbnail","6":"product_cat-pijamas-robes-e-babygrows-bebe-menino-9m-18m","8":"first","9":"instock","10":"sale","11":"sold-individually","12":"taxable","13":"shipping-taxable","14":"purchasable","15":"product-type-variable"},"_links":{"self":[{"href":"https:\/\/bambinos.pt\/en\/wp-json\/wp\/v2\/product\/3490","targetHints":{"allow":["GET"]}}],"collection":[{"href":"https:\/\/bambinos.pt\/en\/wp-json\/wp\/v2\/product"}],"about":[{"href":"https:\/\/bambinos.pt\/en\/wp-json\/wp\/v2\/types\/product"}],"replies":[{"embeddable":true,"href":"https:\/\/bambinos.pt\/en\/wp-json\/wp\/v2\/comments?post=3490"}],"wp:featuredmedia":[{"embeddable":true,"href":"https:\/\/bambinos.pt\/en\/wp-json\/wp\/v2\/media\/3491"}],"wp:attachment":[{"href":"https:\/\/bambinos.pt\/en\/wp-json\/wp\/v2\/media?parent=3490"}],"wp:term":[{"taxonomy":"product_brand","embeddable":true,"href":"https:\/\/bambinos.pt\/en\/wp-json\/wp\/v2\/product_brand?post=3490"},{"taxonomy":"product_cat","embeddable":true,"href":"https:\/\/bambinos.pt\/en\/wp-json\/wp\/v2\/product_cat?post=3490"},{"taxonomy":"product_tag","embeddable":true,"href":"https:\/\/bambinos.pt\/en\/wp-json\/wp\/v2\/product_tag?post=3490"}],"curies":[{"name":"wp","href":"https:\/\/api.w.org\/{rel}","templated":true}]}}