{"id":3535,"date":"2025-08-01T09:57:21","date_gmt":"2025-08-01T09:57:21","guid":{"rendered":"https:\/\/bambinos.pt\/?post_type=product&#038;p=3535"},"modified":"2026-01-22T16:19:25","modified_gmt":"2026-01-22T16:19:25","slug":"conjunto-de-lencois-de-berco-theo","status":"publish","type":"product","link":"https:\/\/bambinos.pt\/en\/loja\/conjunto-de-lencois-de-berco-theo\/","title":{"rendered":"Conjunto de Len\u00e7\u00f3is de Ber\u00e7o &#8220;Th\u00e9o&#8221;"},"content":{"rendered":"<p>Conjunto de Len\u00e7\u00f3is de Ber\u00e7o tema \u201d Th\u00e9o \u201d<\/p>\n<p>Conjunto composto por:<\/p>\n<ul>\n<li>Len\u00e7ol de cima<\/li>\n<li>Len\u00e7ol de baixo com el\u00e1stico<\/li>\n<li>Fronha para almofada<\/li>\n<\/ul>\n<p>Composi\u00e7\u00e3o:<\/p>\n<ul>\n<li>100% Algod\u00e3o<\/li>\n<\/ul>\n<p>Dimens\u00f5es:<\/p>\n<ul>\n<li>60x120cm<\/li>\n<\/ul>\n<p>Fabricado em Portugal<\/p>","protected":false},"excerpt":{"rendered":"<p>Conjunto de Len\u00e7\u00f3is de Ber\u00e7o tema \u201d Th\u00e9o \u201d<\/p>\n<p>Conjunto composto por:<\/p>\n<ul>\n<li>Len\u00e7ol de cima<\/li>\n<li>Len\u00e7ol de baixo com el\u00e1stico<\/li>\n<li>Fronha para almofada<\/li>\n<\/ul>\n<p>Composi\u00e7\u00e3o:<\/p>\n<ul>\n<li>100% Algod\u00e3o<\/li>\n<\/ul>\n<p>Dimens\u00f5es:<\/p>\n<ul>\n<li>60x120cm<\/li>\n<\/ul>\n<p>Fabricado em Portugal<\/p>","protected":false},"featured_media":3538,"comment_status":"closed","ping_status":"closed","template":"","meta":[],"product_brand":[],"product_cat":[102],"product_tag":[],"class_list":{"0":"post-3535","1":"product","2":"type-product","3":"status-publish","4":"has-post-thumbnail","6":"product_cat-lencois-de-berco","8":"first","9":"instock","10":"sale","11":"taxable","12":"shipping-taxable","13":"purchasable","14":"product-type-variable"},"_links":{"self":[{"href":"https:\/\/bambinos.pt\/en\/wp-json\/wp\/v2\/product\/3535","targetHints":{"allow":["GET"]}}],"collection":[{"href":"https:\/\/bambinos.pt\/en\/wp-json\/wp\/v2\/product"}],"about":[{"href":"https:\/\/bambinos.pt\/en\/wp-json\/wp\/v2\/types\/product"}],"replies":[{"embeddable":true,"href":"https:\/\/bambinos.pt\/en\/wp-json\/wp\/v2\/comments?post=3535"}],"wp:featuredmedia":[{"embeddable":true,"href":"https:\/\/bambinos.pt\/en\/wp-json\/wp\/v2\/media\/3538"}],"wp:attachment":[{"href":"https:\/\/bambinos.pt\/en\/wp-json\/wp\/v2\/media?parent=3535"}],"wp:term":[{"taxonomy":"product_brand","embeddable":true,"href":"https:\/\/bambinos.pt\/en\/wp-json\/wp\/v2\/product_brand?post=3535"},{"taxonomy":"product_cat","embeddable":true,"href":"https:\/\/bambinos.pt\/en\/wp-json\/wp\/v2\/product_cat?post=3535"},{"taxonomy":"product_tag","embeddable":true,"href":"https:\/\/bambinos.pt\/en\/wp-json\/wp\/v2\/product_tag?post=3535"}],"curies":[{"name":"wp","href":"https:\/\/api.w.org\/{rel}","templated":true}]}}