{"id":3585,"date":"2025-08-02T11:18:10","date_gmt":"2025-08-02T11:18:10","guid":{"rendered":"https:\/\/bambinos.pt\/?post_type=product&#038;p=3585"},"modified":"2025-08-02T11:18:10","modified_gmt":"2025-08-02T11:18:10","slug":"macacao-zoe","status":"publish","type":"product","link":"https:\/\/bambinos.pt\/en\/loja\/macacao-zoe\/","title":{"rendered":"Macac\u00e3o &#8221; Zoe &#8220;"},"content":{"rendered":"<p><strong>Macac\u00e3o \u201d Zoe \u201c<\/strong><\/p>\n<p>Macac\u00e3o com 3 bot\u00f5es em madeira.<\/p>\n<p>Abertura com molas de press\u00e3o entre pernas.<\/p>\n<p>Composi\u00e7\u00e3o: 100% Algod\u00e3o<\/p>\n<p>Fabricado em Portugal<\/p>","protected":false},"excerpt":{"rendered":"<p><strong>Macac\u00e3o \u201d Zoe \u201c<\/strong><\/p>\n<p>Macac\u00e3o com 3 bot\u00f5es em madeira.<\/p>\n<p>Abertura com molas de press\u00e3o entre pernas.<\/p>\n<p>Composi\u00e7\u00e3o: 100% Algod\u00e3o<\/p>\n<p>Fabricado em Portugal<\/p>","protected":false},"featured_media":3586,"comment_status":"closed","ping_status":"closed","template":"","meta":[],"product_brand":[],"product_cat":[172,174,170],"product_tag":[],"class_list":{"0":"post-3585","1":"product","2":"type-product","3":"status-publish","4":"has-post-thumbnail","6":"product_cat-fofos","7":"product_cat-fofos-menina-24m-6a","8":"product_cat-fofos-bebe-menina-9m-18m","10":"first","11":"instock","12":"sale","13":"sold-individually","14":"taxable","15":"shipping-taxable","16":"purchasable","17":"product-type-variable"},"_links":{"self":[{"href":"https:\/\/bambinos.pt\/en\/wp-json\/wp\/v2\/product\/3585","targetHints":{"allow":["GET"]}}],"collection":[{"href":"https:\/\/bambinos.pt\/en\/wp-json\/wp\/v2\/product"}],"about":[{"href":"https:\/\/bambinos.pt\/en\/wp-json\/wp\/v2\/types\/product"}],"replies":[{"embeddable":true,"href":"https:\/\/bambinos.pt\/en\/wp-json\/wp\/v2\/comments?post=3585"}],"wp:featuredmedia":[{"embeddable":true,"href":"https:\/\/bambinos.pt\/en\/wp-json\/wp\/v2\/media\/3586"}],"wp:attachment":[{"href":"https:\/\/bambinos.pt\/en\/wp-json\/wp\/v2\/media?parent=3585"}],"wp:term":[{"taxonomy":"product_brand","embeddable":true,"href":"https:\/\/bambinos.pt\/en\/wp-json\/wp\/v2\/product_brand?post=3585"},{"taxonomy":"product_cat","embeddable":true,"href":"https:\/\/bambinos.pt\/en\/wp-json\/wp\/v2\/product_cat?post=3585"},{"taxonomy":"product_tag","embeddable":true,"href":"https:\/\/bambinos.pt\/en\/wp-json\/wp\/v2\/product_tag?post=3585"}],"curies":[{"name":"wp","href":"https:\/\/api.w.org\/{rel}","templated":true}]}}