{"id":4015,"date":"2025-08-06T14:52:23","date_gmt":"2025-08-06T14:52:23","guid":{"rendered":"https:\/\/bambinos.pt\/?post_type=product&#038;p=4015"},"modified":"2025-08-06T14:52:23","modified_gmt":"2025-08-06T14:52:23","slug":"babygrow-jardineira","status":"publish","type":"product","link":"https:\/\/bambinos.pt\/en\/loja\/babygrow-jardineira\/","title":{"rendered":"Babygrow \/ Jardineira"},"content":{"rendered":"<p><strong>Babygrow \/ Jardineira<\/strong><\/p>\n<p>Composi\u00e7\u00e3o: 100% Algod\u00e3o.<\/p>\n<p>Fabricado em Portugal<\/p>","protected":false},"excerpt":{"rendered":"<p><strong>Babygrow \/ Jardineira<\/strong><\/p>\n<p>Composi\u00e7\u00e3o: 100% Algod\u00e3o.<\/p>\n<p>Fabricado em Portugal<\/p>","protected":false},"featured_media":4017,"comment_status":"closed","ping_status":"closed","template":"","meta":[],"product_brand":[],"product_cat":[40],"product_tag":[],"class_list":{"0":"post-4015","1":"product","2":"type-product","3":"status-publish","4":"has-post-thumbnail","6":"product_cat-pijamas-babygrow","8":"first","9":"instock","10":"sold-individually","11":"taxable","12":"shipping-taxable","13":"purchasable","14":"product-type-variable"},"_links":{"self":[{"href":"https:\/\/bambinos.pt\/en\/wp-json\/wp\/v2\/product\/4015","targetHints":{"allow":["GET"]}}],"collection":[{"href":"https:\/\/bambinos.pt\/en\/wp-json\/wp\/v2\/product"}],"about":[{"href":"https:\/\/bambinos.pt\/en\/wp-json\/wp\/v2\/types\/product"}],"replies":[{"embeddable":true,"href":"https:\/\/bambinos.pt\/en\/wp-json\/wp\/v2\/comments?post=4015"}],"wp:featuredmedia":[{"embeddable":true,"href":"https:\/\/bambinos.pt\/en\/wp-json\/wp\/v2\/media\/4017"}],"wp:attachment":[{"href":"https:\/\/bambinos.pt\/en\/wp-json\/wp\/v2\/media?parent=4015"}],"wp:term":[{"taxonomy":"product_brand","embeddable":true,"href":"https:\/\/bambinos.pt\/en\/wp-json\/wp\/v2\/product_brand?post=4015"},{"taxonomy":"product_cat","embeddable":true,"href":"https:\/\/bambinos.pt\/en\/wp-json\/wp\/v2\/product_cat?post=4015"},{"taxonomy":"product_tag","embeddable":true,"href":"https:\/\/bambinos.pt\/en\/wp-json\/wp\/v2\/product_tag?post=4015"}],"curies":[{"name":"wp","href":"https:\/\/api.w.org\/{rel}","templated":true}]}}