{"id":4025,"date":"2025-08-06T15:41:27","date_gmt":"2025-08-06T15:41:27","guid":{"rendered":"https:\/\/bambinos.pt\/?post_type=product&#038;p=4025"},"modified":"2025-08-06T15:41:27","modified_gmt":"2025-08-06T15:41:27","slug":"babygrow-favinhos-azul","status":"publish","type":"product","link":"https:\/\/bambinos.pt\/en\/loja\/babygrow-favinhos-azul\/","title":{"rendered":"Babygrow &#8220;Favinhos&#8221; Azul"},"content":{"rendered":"<div>\n<p><strong>Babygrow Laminado \u201d Favinhos \u201c Azul<\/strong><\/p>\n<p>Composi\u00e7\u00e3o: 80% Algod\u00e3o e 20% Poliester<\/p>\n<p>Fabricado em Portugal<\/p>\n<\/div>","protected":false},"excerpt":{"rendered":"<p><strong>Babygrow Laminado \u201d Favinhos \u201c Azul<\/strong><\/p>\n<p>Composi\u00e7\u00e3o: 80% Algod\u00e3o e 20% Poliester<\/p>\n<p>Fabricado em Portugal<\/p>","protected":false},"featured_media":4027,"comment_status":"closed","ping_status":"closed","template":"","meta":[],"product_brand":[],"product_cat":[58],"product_tag":[],"class_list":{"0":"post-4025","1":"product","2":"type-product","3":"status-publish","4":"has-post-thumbnail","6":"product_cat-pijamas-e-babygrow","8":"first","9":"instock","10":"sold-individually","11":"taxable","12":"shipping-taxable","13":"purchasable","14":"product-type-variable"},"_links":{"self":[{"href":"https:\/\/bambinos.pt\/en\/wp-json\/wp\/v2\/product\/4025","targetHints":{"allow":["GET"]}}],"collection":[{"href":"https:\/\/bambinos.pt\/en\/wp-json\/wp\/v2\/product"}],"about":[{"href":"https:\/\/bambinos.pt\/en\/wp-json\/wp\/v2\/types\/product"}],"replies":[{"embeddable":true,"href":"https:\/\/bambinos.pt\/en\/wp-json\/wp\/v2\/comments?post=4025"}],"wp:featuredmedia":[{"embeddable":true,"href":"https:\/\/bambinos.pt\/en\/wp-json\/wp\/v2\/media\/4027"}],"wp:attachment":[{"href":"https:\/\/bambinos.pt\/en\/wp-json\/wp\/v2\/media?parent=4025"}],"wp:term":[{"taxonomy":"product_brand","embeddable":true,"href":"https:\/\/bambinos.pt\/en\/wp-json\/wp\/v2\/product_brand?post=4025"},{"taxonomy":"product_cat","embeddable":true,"href":"https:\/\/bambinos.pt\/en\/wp-json\/wp\/v2\/product_cat?post=4025"},{"taxonomy":"product_tag","embeddable":true,"href":"https:\/\/bambinos.pt\/en\/wp-json\/wp\/v2\/product_tag?post=4025"}],"curies":[{"name":"wp","href":"https:\/\/api.w.org\/{rel}","templated":true}]}}