{"id":4034,"date":"2025-09-01T14:32:47","date_gmt":"2025-09-01T14:32:47","guid":{"rendered":"https:\/\/bambinos.pt\/?post_type=product&#038;p=4034"},"modified":"2026-01-26T15:03:16","modified_gmt":"2026-01-26T15:03:16","slug":"jardineira-bombazine-theo","status":"publish","type":"product","link":"https:\/\/bambinos.pt\/en\/loja\/jardineira-bombazine-theo\/","title":{"rendered":"Jardineira Bombazine &#8221; Th\u00e9o &#8220;"},"content":{"rendered":"<p><strong>Jardineira \u201d Th\u00e9o \u201c<\/strong><\/p>\n<p>Composi\u00e7\u00e3o:<\/p>\n<ul>\n<li>Jardineira em bombazina verde com bolso \u00e0 frente, bot\u00f5es de madeira e fecho por mola de press\u00e3o nas laterais.<\/li>\n<\/ul>\n<p>Fabricado em Portugal<\/p>","protected":false},"excerpt":{"rendered":"<p><strong>Jardineira \u201d Th\u00e9o \u201c<\/strong><\/p>\n<p>Composi\u00e7\u00e3o:<\/p>\n<ul>\n<li>Jardineira em bombazina verde com bolso \u00e0 frente, bot\u00f5es de madeira e fecho por mola de press\u00e3o nas laterais.<\/li>\n<\/ul>\n<p>Fabricado em Portugal<\/p>","protected":false},"featured_media":4035,"comment_status":"closed","ping_status":"closed","template":"","meta":[],"product_brand":[],"product_cat":[122,44,61,87,111],"product_tag":[],"class_list":{"0":"post-4034","1":"product","2":"type-product","3":"status-publish","4":"has-post-thumbnail","6":"product_cat-calcas-e-jardineiras-menino-24m-6a","7":"product_cat-calcas-e-jardineiras","8":"product_cat-calcas-e-jardineiras-recem-nascido","9":"product_cat-calcas-e-jardineiras-bebe-menino-9m-18m","10":"product_cat-calcas-e-jardineiras-menina-24m-6a","12":"first","13":"instock","14":"sale","15":"sold-individually","16":"taxable","17":"shipping-taxable","18":"purchasable","19":"product-type-variable"},"_links":{"self":[{"href":"https:\/\/bambinos.pt\/en\/wp-json\/wp\/v2\/product\/4034","targetHints":{"allow":["GET"]}}],"collection":[{"href":"https:\/\/bambinos.pt\/en\/wp-json\/wp\/v2\/product"}],"about":[{"href":"https:\/\/bambinos.pt\/en\/wp-json\/wp\/v2\/types\/product"}],"replies":[{"embeddable":true,"href":"https:\/\/bambinos.pt\/en\/wp-json\/wp\/v2\/comments?post=4034"}],"wp:featuredmedia":[{"embeddable":true,"href":"https:\/\/bambinos.pt\/en\/wp-json\/wp\/v2\/media\/4035"}],"wp:attachment":[{"href":"https:\/\/bambinos.pt\/en\/wp-json\/wp\/v2\/media?parent=4034"}],"wp:term":[{"taxonomy":"product_brand","embeddable":true,"href":"https:\/\/bambinos.pt\/en\/wp-json\/wp\/v2\/product_brand?post=4034"},{"taxonomy":"product_cat","embeddable":true,"href":"https:\/\/bambinos.pt\/en\/wp-json\/wp\/v2\/product_cat?post=4034"},{"taxonomy":"product_tag","embeddable":true,"href":"https:\/\/bambinos.pt\/en\/wp-json\/wp\/v2\/product_tag?post=4034"}],"curies":[{"name":"wp","href":"https:\/\/api.w.org\/{rel}","templated":true}]}}