{"id":4174,"date":"2025-09-09T15:15:12","date_gmt":"2025-09-09T15:15:12","guid":{"rendered":"https:\/\/bambinos.pt\/?post_type=product&#038;p=4174"},"modified":"2026-01-23T14:46:14","modified_gmt":"2026-01-23T14:46:14","slug":"fato-de-treino-winter","status":"publish","type":"product","link":"https:\/\/bambinos.pt\/en\/loja\/fato-de-treino-winter\/","title":{"rendered":"Fato de Treino &#8221; Winter &#8220;"},"content":{"rendered":"<p><strong>Fato de Treino &#8221; Winter &#8220;<\/strong><\/p>\n<p>Composi\u00e7\u00e3o: 50% Algod\u00e3o \/ 50% Poli\u00e9ster<\/p>\n<p>Fabricado em Portugal<\/p>","protected":false},"excerpt":{"rendered":"<p><strong>Fato de Treino &#8221; Winter &#8220;<\/strong><\/p>\n<p>Composi\u00e7\u00e3o: 50% Algod\u00e3o \/ 50% Poli\u00e9ster<\/p>\n<p>Fabricado em Portugal<\/p>","protected":false},"featured_media":4175,"comment_status":"closed","ping_status":"closed","template":"","meta":[],"product_brand":[],"product_cat":[39,74,108],"product_tag":[],"class_list":{"0":"post-4174","1":"product","2":"type-product","3":"status-publish","4":"has-post-thumbnail","6":"product_cat-conjuntos","7":"product_cat-conjuntos-bebe-menina-9m-18m","8":"product_cat-conjuntos-menina-24m-6a","10":"first","11":"instock","12":"sale","13":"sold-individually","14":"taxable","15":"shipping-taxable","16":"purchasable","17":"product-type-variable"},"_links":{"self":[{"href":"https:\/\/bambinos.pt\/en\/wp-json\/wp\/v2\/product\/4174","targetHints":{"allow":["GET"]}}],"collection":[{"href":"https:\/\/bambinos.pt\/en\/wp-json\/wp\/v2\/product"}],"about":[{"href":"https:\/\/bambinos.pt\/en\/wp-json\/wp\/v2\/types\/product"}],"replies":[{"embeddable":true,"href":"https:\/\/bambinos.pt\/en\/wp-json\/wp\/v2\/comments?post=4174"}],"wp:featuredmedia":[{"embeddable":true,"href":"https:\/\/bambinos.pt\/en\/wp-json\/wp\/v2\/media\/4175"}],"wp:attachment":[{"href":"https:\/\/bambinos.pt\/en\/wp-json\/wp\/v2\/media?parent=4174"}],"wp:term":[{"taxonomy":"product_brand","embeddable":true,"href":"https:\/\/bambinos.pt\/en\/wp-json\/wp\/v2\/product_brand?post=4174"},{"taxonomy":"product_cat","embeddable":true,"href":"https:\/\/bambinos.pt\/en\/wp-json\/wp\/v2\/product_cat?post=4174"},{"taxonomy":"product_tag","embeddable":true,"href":"https:\/\/bambinos.pt\/en\/wp-json\/wp\/v2\/product_tag?post=4174"}],"curies":[{"name":"wp","href":"https:\/\/api.w.org\/{rel}","templated":true}]}}