{"id":4216,"date":"2025-09-09T15:39:59","date_gmt":"2025-09-09T15:39:59","guid":{"rendered":"https:\/\/bambinos.pt\/?post_type=product&#038;p=4216"},"modified":"2026-01-23T14:40:20","modified_gmt":"2026-01-23T14:40:20","slug":"babygrow-laminado-tunica-winter","status":"publish","type":"product","link":"https:\/\/bambinos.pt\/en\/loja\/babygrow-laminado-tunica-winter\/","title":{"rendered":"Babygrow Laminado T\u00fanica &#8221; Winter &#8220;"},"content":{"rendered":"<p><strong>Babygrow Laminado T\u00fanica &#8221; Winter &#8220;<\/strong><\/p>\n<p>Composi\u00e7\u00e3o: 80% Algod\u00e3o \/ 20% Poli\u00e9ster<\/p>\n<p>Fabricado em Portugal<\/p>","protected":false},"excerpt":{"rendered":"<p><strong>Babygrow Laminado T\u00fanica &#8221; Winter &#8220;<\/strong><\/p>\n<p>Composi\u00e7\u00e3o: 80% Algod\u00e3o \/ 20% Poli\u00e9ster<\/p>\n<p>Fabricado em Portugal<\/p>","protected":false},"featured_media":4217,"comment_status":"closed","ping_status":"closed","template":"","meta":[],"product_brand":[],"product_cat":[40],"product_tag":[],"class_list":{"0":"post-4216","1":"product","2":"type-product","3":"status-publish","4":"has-post-thumbnail","6":"product_cat-pijamas-babygrow","8":"first","9":"instock","10":"sale","11":"sold-individually","12":"taxable","13":"shipping-taxable","14":"purchasable","15":"product-type-variable"},"_links":{"self":[{"href":"https:\/\/bambinos.pt\/en\/wp-json\/wp\/v2\/product\/4216","targetHints":{"allow":["GET"]}}],"collection":[{"href":"https:\/\/bambinos.pt\/en\/wp-json\/wp\/v2\/product"}],"about":[{"href":"https:\/\/bambinos.pt\/en\/wp-json\/wp\/v2\/types\/product"}],"replies":[{"embeddable":true,"href":"https:\/\/bambinos.pt\/en\/wp-json\/wp\/v2\/comments?post=4216"}],"wp:featuredmedia":[{"embeddable":true,"href":"https:\/\/bambinos.pt\/en\/wp-json\/wp\/v2\/media\/4217"}],"wp:attachment":[{"href":"https:\/\/bambinos.pt\/en\/wp-json\/wp\/v2\/media?parent=4216"}],"wp:term":[{"taxonomy":"product_brand","embeddable":true,"href":"https:\/\/bambinos.pt\/en\/wp-json\/wp\/v2\/product_brand?post=4216"},{"taxonomy":"product_cat","embeddable":true,"href":"https:\/\/bambinos.pt\/en\/wp-json\/wp\/v2\/product_cat?post=4216"},{"taxonomy":"product_tag","embeddable":true,"href":"https:\/\/bambinos.pt\/en\/wp-json\/wp\/v2\/product_tag?post=4216"}],"curies":[{"name":"wp","href":"https:\/\/api.w.org\/{rel}","templated":true}]}}