{"id":4229,"date":"2025-09-09T15:52:39","date_gmt":"2025-09-09T15:52:39","guid":{"rendered":"https:\/\/bambinos.pt\/?post_type=product&#038;p=4229"},"modified":"2026-01-23T14:39:15","modified_gmt":"2026-01-23T14:39:15","slug":"camisa-com-jardineira-saia-winter","status":"publish","type":"product","link":"https:\/\/bambinos.pt\/en\/loja\/camisa-com-jardineira-saia-winter\/","title":{"rendered":"Camisa com Jardineira Saia &#8221; Winter &#8220;"},"content":{"rendered":"<p><strong>Camisa com Jardineira Saia &#8221; Winter &#8220;<\/strong><\/p>\n<p>Composi\u00e7\u00e3o: 100% Algod\u00e3o<\/p>\n<p>Fabricado em Portugal<\/p>","protected":false},"excerpt":{"rendered":"<p><strong>Camisa com Jardineira Saia &#8221; Winter &#8220;<\/strong><\/p>\n<p>Composi\u00e7\u00e3o: 100% Algod\u00e3o<\/p>\n<p>Fabricado em Portugal<\/p>","protected":false},"featured_media":4230,"comment_status":"closed","ping_status":"closed","template":"","meta":[],"product_brand":[],"product_cat":[111,74],"product_tag":[],"class_list":{"0":"post-4229","1":"product","2":"type-product","3":"status-publish","4":"has-post-thumbnail","6":"product_cat-calcas-e-jardineiras-menina-24m-6a","7":"product_cat-conjuntos-bebe-menina-9m-18m","9":"first","10":"instock","11":"sale","12":"sold-individually","13":"taxable","14":"shipping-taxable","15":"purchasable","16":"product-type-variable"},"_links":{"self":[{"href":"https:\/\/bambinos.pt\/en\/wp-json\/wp\/v2\/product\/4229","targetHints":{"allow":["GET"]}}],"collection":[{"href":"https:\/\/bambinos.pt\/en\/wp-json\/wp\/v2\/product"}],"about":[{"href":"https:\/\/bambinos.pt\/en\/wp-json\/wp\/v2\/types\/product"}],"replies":[{"embeddable":true,"href":"https:\/\/bambinos.pt\/en\/wp-json\/wp\/v2\/comments?post=4229"}],"wp:featuredmedia":[{"embeddable":true,"href":"https:\/\/bambinos.pt\/en\/wp-json\/wp\/v2\/media\/4230"}],"wp:attachment":[{"href":"https:\/\/bambinos.pt\/en\/wp-json\/wp\/v2\/media?parent=4229"}],"wp:term":[{"taxonomy":"product_brand","embeddable":true,"href":"https:\/\/bambinos.pt\/en\/wp-json\/wp\/v2\/product_brand?post=4229"},{"taxonomy":"product_cat","embeddable":true,"href":"https:\/\/bambinos.pt\/en\/wp-json\/wp\/v2\/product_cat?post=4229"},{"taxonomy":"product_tag","embeddable":true,"href":"https:\/\/bambinos.pt\/en\/wp-json\/wp\/v2\/product_tag?post=4229"}],"curies":[{"name":"wp","href":"https:\/\/api.w.org\/{rel}","templated":true}]}}