{"id":4289,"date":"2025-09-24T17:41:23","date_gmt":"2025-09-24T17:41:23","guid":{"rendered":"https:\/\/bambinos.pt\/?post_type=product&#038;p=4289"},"modified":"2026-01-26T15:30:01","modified_gmt":"2026-01-26T15:30:01","slug":"pijama-koda","status":"publish","type":"product","link":"https:\/\/bambinos.pt\/en\/loja\/pijama-koda\/","title":{"rendered":"Pijama &#8221; Koda &#8220;"},"content":{"rendered":"<p><strong>Pijama Cardado \u201d Koda \u201c<\/strong><\/p>\n<p>Camisola Cardada<\/p>\n<p>Cal\u00e7as em Algod\u00e3o<\/p>\n<p>Composi\u00e7\u00e3o: 100% Algod\u00e3o<\/p>\n<p>Fabricado em Portugal<\/p>","protected":false},"excerpt":{"rendered":"<p><strong>Pijama Cardado \u201d Koda \u201c<\/strong><\/p>\n<p>Camisola Cardada<\/p>\n<p>Cal\u00e7as em Algod\u00e3o<\/p>\n<p>Composi\u00e7\u00e3o: 100% Algod\u00e3o<\/p>\n<p>Fabricado em Portugal<\/p>","protected":false},"featured_media":5425,"comment_status":"closed","ping_status":"closed","template":"","meta":[],"product_brand":[],"product_cat":[85,120],"product_tag":[],"class_list":{"0":"post-4289","1":"product","2":"type-product","3":"status-publish","4":"has-post-thumbnail","6":"product_cat-pijamas-robes-e-babygrows-bebe-menino-9m-18m","7":"product_cat-pijamas-robes-e-babygrows-menino-24m-6a","9":"first","10":"instock","11":"sale","12":"sold-individually","13":"taxable","14":"shipping-taxable","15":"purchasable","16":"product-type-variable"},"_links":{"self":[{"href":"https:\/\/bambinos.pt\/en\/wp-json\/wp\/v2\/product\/4289","targetHints":{"allow":["GET"]}}],"collection":[{"href":"https:\/\/bambinos.pt\/en\/wp-json\/wp\/v2\/product"}],"about":[{"href":"https:\/\/bambinos.pt\/en\/wp-json\/wp\/v2\/types\/product"}],"replies":[{"embeddable":true,"href":"https:\/\/bambinos.pt\/en\/wp-json\/wp\/v2\/comments?post=4289"}],"wp:featuredmedia":[{"embeddable":true,"href":"https:\/\/bambinos.pt\/en\/wp-json\/wp\/v2\/media\/5425"}],"wp:attachment":[{"href":"https:\/\/bambinos.pt\/en\/wp-json\/wp\/v2\/media?parent=4289"}],"wp:term":[{"taxonomy":"product_brand","embeddable":true,"href":"https:\/\/bambinos.pt\/en\/wp-json\/wp\/v2\/product_brand?post=4289"},{"taxonomy":"product_cat","embeddable":true,"href":"https:\/\/bambinos.pt\/en\/wp-json\/wp\/v2\/product_cat?post=4289"},{"taxonomy":"product_tag","embeddable":true,"href":"https:\/\/bambinos.pt\/en\/wp-json\/wp\/v2\/product_tag?post=4289"}],"curies":[{"name":"wp","href":"https:\/\/api.w.org\/{rel}","templated":true}]}}