{"id":4349,"date":"2025-09-25T10:54:07","date_gmt":"2025-09-25T10:54:07","guid":{"rendered":"https:\/\/bambinos.pt\/?post_type=product&#038;p=4349"},"modified":"2026-01-05T11:34:41","modified_gmt":"2026-01-05T11:34:41","slug":"saco-1a-roupa-bear","status":"publish","type":"product","link":"https:\/\/bambinos.pt\/en\/loja\/saco-1a-roupa-bear\/","title":{"rendered":"Saco 1\u00aa Roupa &#8221; Bear &#8220;"},"content":{"rendered":"<p><strong>Saco 1\u00aa Roupa &#8221; Bear &#8220;<\/strong><\/p>\n<p>Composi\u00e7\u00e3o: Laminado ( 80% Poli\u00e9ster 20% Algod\u00e3o )<\/p>\n<p>Fabricado em Portugal<\/p>","protected":false},"excerpt":{"rendered":"<p><strong>Saco 1\u00aa Roupa &#8221; Bear &#8220;<\/strong><\/p>\n<p>Composi\u00e7\u00e3o: Laminado ( 80% Poli\u00e9ster 20% Algod\u00e3o )<\/p>\n<p>Fabricado em Portugal<\/p>","protected":false},"featured_media":4350,"comment_status":"closed","ping_status":"closed","template":"","meta":[],"product_brand":[],"product_cat":[138],"product_tag":[],"class_list":{"0":"post-4349","1":"product","2":"type-product","3":"status-publish","4":"has-post-thumbnail","6":"product_cat-puericultura","8":"first","9":"instock","10":"sale","11":"sold-individually","12":"taxable","13":"shipping-taxable","14":"purchasable","15":"product-type-variable"},"_links":{"self":[{"href":"https:\/\/bambinos.pt\/en\/wp-json\/wp\/v2\/product\/4349","targetHints":{"allow":["GET"]}}],"collection":[{"href":"https:\/\/bambinos.pt\/en\/wp-json\/wp\/v2\/product"}],"about":[{"href":"https:\/\/bambinos.pt\/en\/wp-json\/wp\/v2\/types\/product"}],"replies":[{"embeddable":true,"href":"https:\/\/bambinos.pt\/en\/wp-json\/wp\/v2\/comments?post=4349"}],"wp:featuredmedia":[{"embeddable":true,"href":"https:\/\/bambinos.pt\/en\/wp-json\/wp\/v2\/media\/4350"}],"wp:attachment":[{"href":"https:\/\/bambinos.pt\/en\/wp-json\/wp\/v2\/media?parent=4349"}],"wp:term":[{"taxonomy":"product_brand","embeddable":true,"href":"https:\/\/bambinos.pt\/en\/wp-json\/wp\/v2\/product_brand?post=4349"},{"taxonomy":"product_cat","embeddable":true,"href":"https:\/\/bambinos.pt\/en\/wp-json\/wp\/v2\/product_cat?post=4349"},{"taxonomy":"product_tag","embeddable":true,"href":"https:\/\/bambinos.pt\/en\/wp-json\/wp\/v2\/product_tag?post=4349"}],"curies":[{"name":"wp","href":"https:\/\/api.w.org\/{rel}","templated":true}]}}