{"id":4420,"date":"2025-10-24T13:57:07","date_gmt":"2025-10-24T13:57:07","guid":{"rendered":"https:\/\/bambinos.pt\/?post_type=product&#038;p=4420"},"modified":"2026-01-23T14:21:32","modified_gmt":"2026-01-23T14:21:32","slug":"babygrow-laminado-friendship","status":"publish","type":"product","link":"https:\/\/bambinos.pt\/en\/loja\/babygrow-laminado-friendship\/","title":{"rendered":"Babygrow Laminado&#8221; Friendship&#8221;"},"content":{"rendered":"<p><strong>Babygrow Laminado \u201d Friendship \u201c<\/strong><\/p>\n<p>Composi\u00e7\u00e3o: 80% Poli\u00e9ster \/ 20% Algod\u00e3o<\/p>\n<p>Fabricado em Portugal<\/p>","protected":false},"excerpt":{"rendered":"<p><strong>Babygrow Laminado \u201d Friendship \u201c<\/strong><\/p>\n<p>Composi\u00e7\u00e3o: 80% Poli\u00e9ster \/ 20% Algod\u00e3o<\/p>\n<p>Fabricado em Portugal<\/p>","protected":false},"featured_media":4422,"comment_status":"closed","ping_status":"closed","template":"","meta":[],"product_brand":[],"product_cat":[40,58],"product_tag":[],"class_list":{"0":"post-4420","1":"product","2":"type-product","3":"status-publish","4":"has-post-thumbnail","6":"product_cat-pijamas-babygrow","7":"product_cat-pijamas-e-babygrow","9":"first","10":"instock","11":"sale","12":"taxable","13":"shipping-taxable","14":"purchasable","15":"product-type-variable"},"_links":{"self":[{"href":"https:\/\/bambinos.pt\/en\/wp-json\/wp\/v2\/product\/4420","targetHints":{"allow":["GET"]}}],"collection":[{"href":"https:\/\/bambinos.pt\/en\/wp-json\/wp\/v2\/product"}],"about":[{"href":"https:\/\/bambinos.pt\/en\/wp-json\/wp\/v2\/types\/product"}],"replies":[{"embeddable":true,"href":"https:\/\/bambinos.pt\/en\/wp-json\/wp\/v2\/comments?post=4420"}],"wp:featuredmedia":[{"embeddable":true,"href":"https:\/\/bambinos.pt\/en\/wp-json\/wp\/v2\/media\/4422"}],"wp:attachment":[{"href":"https:\/\/bambinos.pt\/en\/wp-json\/wp\/v2\/media?parent=4420"}],"wp:term":[{"taxonomy":"product_brand","embeddable":true,"href":"https:\/\/bambinos.pt\/en\/wp-json\/wp\/v2\/product_brand?post=4420"},{"taxonomy":"product_cat","embeddable":true,"href":"https:\/\/bambinos.pt\/en\/wp-json\/wp\/v2\/product_cat?post=4420"},{"taxonomy":"product_tag","embeddable":true,"href":"https:\/\/bambinos.pt\/en\/wp-json\/wp\/v2\/product_tag?post=4420"}],"curies":[{"name":"wp","href":"https:\/\/api.w.org\/{rel}","templated":true}]}}