{"id":4456,"date":"2025-10-24T15:22:03","date_gmt":"2025-10-24T15:22:03","guid":{"rendered":"https:\/\/bambinos.pt\/?post_type=product&#038;p=4456"},"modified":"2026-01-23T13:01:32","modified_gmt":"2026-01-23T13:01:32","slug":"manta-laminada-glum","status":"publish","type":"product","link":"https:\/\/bambinos.pt\/en\/loja\/manta-laminada-glum\/","title":{"rendered":"Manta Laminada &#8220;Glum&#8221;"},"content":{"rendered":"<p><strong>Manta Laminada \u201d Glum \u201c<\/strong><\/p>\n<p>Composi\u00e7\u00e3o: 80% Algod\u00e3o 20% Poliester<\/p>\n<p>Fabricado em Portugal<\/p>","protected":false},"excerpt":{"rendered":"<p><strong>Manta Laminada \u201d Glum \u201c<\/strong><\/p>\n<p>Composi\u00e7\u00e3o: 80% Algod\u00e3o 20% Poliester<\/p>\n<p>Fabricado em Portugal<\/p>","protected":false},"featured_media":4458,"comment_status":"closed","ping_status":"closed","template":"","meta":[],"product_brand":[],"product_cat":[100],"product_tag":[],"class_list":{"0":"post-4456","1":"product","2":"type-product","3":"status-publish","4":"has-post-thumbnail","6":"product_cat-mantas","8":"first","9":"instock","10":"sale","11":"taxable","12":"shipping-taxable","13":"purchasable","14":"product-type-variable"},"_links":{"self":[{"href":"https:\/\/bambinos.pt\/en\/wp-json\/wp\/v2\/product\/4456","targetHints":{"allow":["GET"]}}],"collection":[{"href":"https:\/\/bambinos.pt\/en\/wp-json\/wp\/v2\/product"}],"about":[{"href":"https:\/\/bambinos.pt\/en\/wp-json\/wp\/v2\/types\/product"}],"replies":[{"embeddable":true,"href":"https:\/\/bambinos.pt\/en\/wp-json\/wp\/v2\/comments?post=4456"}],"wp:featuredmedia":[{"embeddable":true,"href":"https:\/\/bambinos.pt\/en\/wp-json\/wp\/v2\/media\/4458"}],"wp:attachment":[{"href":"https:\/\/bambinos.pt\/en\/wp-json\/wp\/v2\/media?parent=4456"}],"wp:term":[{"taxonomy":"product_brand","embeddable":true,"href":"https:\/\/bambinos.pt\/en\/wp-json\/wp\/v2\/product_brand?post=4456"},{"taxonomy":"product_cat","embeddable":true,"href":"https:\/\/bambinos.pt\/en\/wp-json\/wp\/v2\/product_cat?post=4456"},{"taxonomy":"product_tag","embeddable":true,"href":"https:\/\/bambinos.pt\/en\/wp-json\/wp\/v2\/product_tag?post=4456"}],"curies":[{"name":"wp","href":"https:\/\/api.w.org\/{rel}","templated":true}]}}