{"id":4722,"date":"2025-11-19T15:56:32","date_gmt":"2025-11-19T15:56:32","guid":{"rendered":"https:\/\/bambinos.pt\/?post_type=product&#038;p=4722"},"modified":"2025-11-19T15:56:32","modified_gmt":"2025-11-19T15:56:32","slug":"meias-pelo-joelho-canelada","status":"publish","type":"product","link":"https:\/\/bambinos.pt\/en\/loja\/meias-pelo-joelho-canelada\/","title":{"rendered":"Meias Pelo Joelho Canelada"},"content":{"rendered":"<p><strong>Meias Pelo Joelho Canelada\u00a0<\/strong><\/p>\n<p>Sem costura na biqueira.<\/p>\n<p>Meia at\u00e9 ao joelho em malha canelada, com toque suave e el\u00e1stico confort\u00e1vel que garante perfeito ajuste \u00e0 perna. Esta pe\u00e7a \u00e9 ideal para compor looks infantis cheios de estilo. Vers\u00e1til e aconchegante, \u00e9 perfeita para os dias frios, combinando conforto, calor e um toque encantador \u2013 Fica bem neles e nelas!<\/p>\n<p>Fabricado em Portugal<\/p>","protected":false},"excerpt":{"rendered":"<p><strong>Meias Pelo Joelho Canelada\u00a0<\/strong><\/p>\n<p>Sem costura na biqueira.<\/p>\n<p>Meia at\u00e9 ao joelho em malha canelada, com toque suave e el\u00e1stico confort\u00e1vel que garante perfeito ajuste \u00e0 perna. Esta pe\u00e7a \u00e9 ideal para compor looks infantis cheios de estilo. Vers\u00e1til e aconchegante, \u00e9 perfeita para os dias frios, combinando conforto, calor e um toque encantador \u2013 Fica bem neles e nelas!<\/p>\n<p>Fabricado em Portugal<\/p>","protected":false},"featured_media":4723,"comment_status":"closed","ping_status":"closed","template":"","meta":[],"product_brand":[],"product_cat":[115,48,126,65,80,91],"product_tag":[],"class_list":{"0":"post-4722","1":"product","2":"type-product","3":"status-publish","4":"has-post-thumbnail","6":"product_cat-meias-acessorios-menina-24m-6a","7":"product_cat-meias","8":"product_cat-meias-acessorios-menino-24m-6a","9":"product_cat-meias-acessorios-recem-nascido","10":"product_cat-meias-acessorios-bebe-menina-9m-18m","11":"product_cat-meias-acessorios-bebe-menino-9m-18m","13":"first","14":"instock","15":"sold-individually","16":"taxable","17":"shipping-taxable","18":"purchasable","19":"product-type-variable"},"_links":{"self":[{"href":"https:\/\/bambinos.pt\/en\/wp-json\/wp\/v2\/product\/4722","targetHints":{"allow":["GET"]}}],"collection":[{"href":"https:\/\/bambinos.pt\/en\/wp-json\/wp\/v2\/product"}],"about":[{"href":"https:\/\/bambinos.pt\/en\/wp-json\/wp\/v2\/types\/product"}],"replies":[{"embeddable":true,"href":"https:\/\/bambinos.pt\/en\/wp-json\/wp\/v2\/comments?post=4722"}],"wp:featuredmedia":[{"embeddable":true,"href":"https:\/\/bambinos.pt\/en\/wp-json\/wp\/v2\/media\/4723"}],"wp:attachment":[{"href":"https:\/\/bambinos.pt\/en\/wp-json\/wp\/v2\/media?parent=4722"}],"wp:term":[{"taxonomy":"product_brand","embeddable":true,"href":"https:\/\/bambinos.pt\/en\/wp-json\/wp\/v2\/product_brand?post=4722"},{"taxonomy":"product_cat","embeddable":true,"href":"https:\/\/bambinos.pt\/en\/wp-json\/wp\/v2\/product_cat?post=4722"},{"taxonomy":"product_tag","embeddable":true,"href":"https:\/\/bambinos.pt\/en\/wp-json\/wp\/v2\/product_tag?post=4722"}],"curies":[{"name":"wp","href":"https:\/\/api.w.org\/{rel}","templated":true}]}}