{"id":4825,"date":"2025-11-19T17:14:27","date_gmt":"2025-11-19T17:14:27","guid":{"rendered":"https:\/\/bambinos.pt\/?post_type=product&#038;p=4825"},"modified":"2025-11-19T17:14:27","modified_gmt":"2025-11-19T17:14:27","slug":"meias-pelo-joelho-em-algodao-penteado-superior-com-trabalhado-e-laco-de-cetim","status":"publish","type":"product","link":"https:\/\/bambinos.pt\/en\/loja\/meias-pelo-joelho-em-algodao-penteado-superior-com-trabalhado-e-laco-de-cetim\/","title":{"rendered":"Meias pelo joelho em algod\u00e3o penteado superior com trabalhado e la\u00e7o de cetim"},"content":{"rendered":"<p><strong>Meias pelo joelho em algod\u00e3o penteado superior com trabalhado e la\u00e7o de cetim<\/strong><\/p>\n<p>Meia pelo joelho com trabalhado e la\u00e7o de cetim.<\/p>\n<p>Sem costura na biqueira.<\/p>\n<p>Fabricado em Portugal<\/p>","protected":false},"excerpt":{"rendered":"<p><strong>Meias pelo joelho em algod\u00e3o penteado superior com trabalhado e la\u00e7o de cetim<\/strong><\/p>\n<p>Meia pelo joelho com trabalhado e la\u00e7o de cetim.<\/p>\n<p>Sem costura na biqueira.<\/p>\n<p>Fabricado em Portugal<\/p>","protected":false},"featured_media":4826,"comment_status":"closed","ping_status":"closed","template":"","meta":[],"product_brand":[],"product_cat":[48],"product_tag":[],"class_list":{"0":"post-4825","1":"product","2":"type-product","3":"status-publish","4":"has-post-thumbnail","6":"product_cat-meias","8":"first","9":"instock","10":"sold-individually","11":"taxable","12":"shipping-taxable","13":"purchasable","14":"product-type-variable"},"_links":{"self":[{"href":"https:\/\/bambinos.pt\/en\/wp-json\/wp\/v2\/product\/4825","targetHints":{"allow":["GET"]}}],"collection":[{"href":"https:\/\/bambinos.pt\/en\/wp-json\/wp\/v2\/product"}],"about":[{"href":"https:\/\/bambinos.pt\/en\/wp-json\/wp\/v2\/types\/product"}],"replies":[{"embeddable":true,"href":"https:\/\/bambinos.pt\/en\/wp-json\/wp\/v2\/comments?post=4825"}],"wp:featuredmedia":[{"embeddable":true,"href":"https:\/\/bambinos.pt\/en\/wp-json\/wp\/v2\/media\/4826"}],"wp:attachment":[{"href":"https:\/\/bambinos.pt\/en\/wp-json\/wp\/v2\/media?parent=4825"}],"wp:term":[{"taxonomy":"product_brand","embeddable":true,"href":"https:\/\/bambinos.pt\/en\/wp-json\/wp\/v2\/product_brand?post=4825"},{"taxonomy":"product_cat","embeddable":true,"href":"https:\/\/bambinos.pt\/en\/wp-json\/wp\/v2\/product_cat?post=4825"},{"taxonomy":"product_tag","embeddable":true,"href":"https:\/\/bambinos.pt\/en\/wp-json\/wp\/v2\/product_tag?post=4825"}],"curies":[{"name":"wp","href":"https:\/\/api.w.org\/{rel}","templated":true}]}}