{"id":4883,"date":"2025-11-20T12:01:51","date_gmt":"2025-11-20T12:01:51","guid":{"rendered":"https:\/\/bambinos.pt\/?post_type=product&#038;p=4883"},"modified":"2025-11-20T12:01:51","modified_gmt":"2025-11-20T12:01:51","slug":"meias-altas-perle-perfuradas-com-laco-gorgorao-condor","status":"publish","type":"product","link":"https:\/\/bambinos.pt\/en\/loja\/meias-altas-perle-perfuradas-com-laco-gorgorao-condor\/","title":{"rendered":"Meias altas perle perfuradas com la\u00e7o gorgor\u00e3o C\u00f3ndor"},"content":{"rendered":"<p><strong>Meias altas perle perfuradas com la\u00e7o gorgor\u00e3o C\u00f3ndor\u00a0<\/strong><\/p>\n<p>Composi\u00e7\u00e3o: 100% Algod\u00e3o<\/p>\n<p>Fabricado em Espanha<\/p>","protected":false},"excerpt":{"rendered":"<p><strong>Meias altas perle perfuradas com la\u00e7o gorgor\u00e3o C\u00f3ndor\u00a0<\/strong><\/p>\n<p>Composi\u00e7\u00e3o: 100% Algod\u00e3o<\/p>\n<p>Fabricado em Espanha<\/p>","protected":false},"featured_media":4885,"comment_status":"closed","ping_status":"closed","template":"","meta":[],"product_brand":[],"product_cat":[115],"product_tag":[],"class_list":{"0":"post-4883","1":"product","2":"type-product","3":"status-publish","4":"has-post-thumbnail","6":"product_cat-meias-acessorios-menina-24m-6a","8":"first","9":"instock","10":"sold-individually","11":"taxable","12":"shipping-taxable","13":"purchasable","14":"product-type-variable"},"_links":{"self":[{"href":"https:\/\/bambinos.pt\/en\/wp-json\/wp\/v2\/product\/4883","targetHints":{"allow":["GET"]}}],"collection":[{"href":"https:\/\/bambinos.pt\/en\/wp-json\/wp\/v2\/product"}],"about":[{"href":"https:\/\/bambinos.pt\/en\/wp-json\/wp\/v2\/types\/product"}],"replies":[{"embeddable":true,"href":"https:\/\/bambinos.pt\/en\/wp-json\/wp\/v2\/comments?post=4883"}],"wp:featuredmedia":[{"embeddable":true,"href":"https:\/\/bambinos.pt\/en\/wp-json\/wp\/v2\/media\/4885"}],"wp:attachment":[{"href":"https:\/\/bambinos.pt\/en\/wp-json\/wp\/v2\/media?parent=4883"}],"wp:term":[{"taxonomy":"product_brand","embeddable":true,"href":"https:\/\/bambinos.pt\/en\/wp-json\/wp\/v2\/product_brand?post=4883"},{"taxonomy":"product_cat","embeddable":true,"href":"https:\/\/bambinos.pt\/en\/wp-json\/wp\/v2\/product_cat?post=4883"},{"taxonomy":"product_tag","embeddable":true,"href":"https:\/\/bambinos.pt\/en\/wp-json\/wp\/v2\/product_tag?post=4883"}],"curies":[{"name":"wp","href":"https:\/\/api.w.org\/{rel}","templated":true}]}}