{"id":4888,"date":"2025-11-20T12:15:21","date_gmt":"2025-11-20T12:15:21","guid":{"rendered":"https:\/\/bambinos.pt\/?post_type=product&#038;p=4888"},"modified":"2025-11-20T12:15:22","modified_gmt":"2025-11-20T12:15:22","slug":"meias-altas-algodao-com-laco-gorgorao-lateral-condor","status":"publish","type":"product","link":"https:\/\/bambinos.pt\/en\/loja\/meias-altas-algodao-com-laco-gorgorao-lateral-condor\/","title":{"rendered":"Meias altas algod\u00e3o com la\u00e7o gorgor\u00e3o lateral C\u00f3ndor"},"content":{"rendered":"<p><strong>Meias altas algod\u00e3o com la\u00e7o gorgor\u00e3o lateral C\u00f3ndor<\/strong><\/p>\n<p>Composi\u00e7\u00e3o: 22% Poliamida, 3% Elastano (Lycra\u00ae), 75% Algod\u00e3o<\/p>\n<p>Fabricado em Espanha<\/p>","protected":false},"excerpt":{"rendered":"<p><strong>Meias altas algod\u00e3o com la\u00e7o gorgor\u00e3o lateral C\u00f3ndor<\/strong><\/p>\n<p>Composi\u00e7\u00e3o: 22% Poliamida, 3% Elastano (Lycra\u00ae), 75% Algod\u00e3o<\/p>\n<p>Fabricado em Espanha<\/p>","protected":false},"featured_media":4889,"comment_status":"closed","ping_status":"closed","template":"","meta":[],"product_brand":[],"product_cat":[48,80,115],"product_tag":[],"class_list":{"0":"post-4888","1":"product","2":"type-product","3":"status-publish","4":"has-post-thumbnail","6":"product_cat-meias","7":"product_cat-meias-acessorios-bebe-menina-9m-18m","8":"product_cat-meias-acessorios-menina-24m-6a","10":"first","11":"instock","12":"sold-individually","13":"taxable","14":"shipping-taxable","15":"purchasable","16":"product-type-variable"},"_links":{"self":[{"href":"https:\/\/bambinos.pt\/en\/wp-json\/wp\/v2\/product\/4888","targetHints":{"allow":["GET"]}}],"collection":[{"href":"https:\/\/bambinos.pt\/en\/wp-json\/wp\/v2\/product"}],"about":[{"href":"https:\/\/bambinos.pt\/en\/wp-json\/wp\/v2\/types\/product"}],"replies":[{"embeddable":true,"href":"https:\/\/bambinos.pt\/en\/wp-json\/wp\/v2\/comments?post=4888"}],"wp:featuredmedia":[{"embeddable":true,"href":"https:\/\/bambinos.pt\/en\/wp-json\/wp\/v2\/media\/4889"}],"wp:attachment":[{"href":"https:\/\/bambinos.pt\/en\/wp-json\/wp\/v2\/media?parent=4888"}],"wp:term":[{"taxonomy":"product_brand","embeddable":true,"href":"https:\/\/bambinos.pt\/en\/wp-json\/wp\/v2\/product_brand?post=4888"},{"taxonomy":"product_cat","embeddable":true,"href":"https:\/\/bambinos.pt\/en\/wp-json\/wp\/v2\/product_cat?post=4888"},{"taxonomy":"product_tag","embeddable":true,"href":"https:\/\/bambinos.pt\/en\/wp-json\/wp\/v2\/product_tag?post=4888"}],"curies":[{"name":"wp","href":"https:\/\/api.w.org\/{rel}","templated":true}]}}