{"id":4915,"date":"2025-11-20T16:05:49","date_gmt":"2025-11-20T16:05:49","guid":{"rendered":"https:\/\/bambinos.pt\/?post_type=product&#038;p=4915"},"modified":"2025-11-20T16:05:49","modified_gmt":"2025-11-20T16:05:49","slug":"meias-lisas-unissexo","status":"publish","type":"product","link":"https:\/\/bambinos.pt\/en\/loja\/meias-lisas-unissexo\/","title":{"rendered":"Meias Lisas Unissexo"},"content":{"rendered":"<p><strong>Meias Lisas Unissexo<\/strong><\/p>\n<p>Produto concebido com o melhor algod\u00e3o penteado que garante a absor\u00e7\u00e3o da transpira\u00e7\u00e3o e conforto.<\/p>\n<p>Composi\u00e7\u00e3o: 80% algod\u00e3o, 17% poliamida, 3% Elastano.<\/p>\n<p>Fabricado em Portugal<\/p>","protected":false},"excerpt":{"rendered":"<p><strong>Meias Lisas Unissexo<\/strong><\/p>\n<p>Produto concebido com o melhor algod\u00e3o penteado que garante a absor\u00e7\u00e3o da transpira\u00e7\u00e3o e conforto.<\/p>\n<p>Composi\u00e7\u00e3o: 80% algod\u00e3o, 17% poliamida, 3% Elastano.<\/p>\n<p>Fabricado em Portugal<\/p>","protected":false},"featured_media":4919,"comment_status":"closed","ping_status":"closed","template":"","meta":[],"product_brand":[],"product_cat":[115,48,126,65,80,91],"product_tag":[],"class_list":{"0":"post-4915","1":"product","2":"type-product","3":"status-publish","4":"has-post-thumbnail","6":"product_cat-meias-acessorios-menina-24m-6a","7":"product_cat-meias","8":"product_cat-meias-acessorios-menino-24m-6a","9":"product_cat-meias-acessorios-recem-nascido","10":"product_cat-meias-acessorios-bebe-menina-9m-18m","11":"product_cat-meias-acessorios-bebe-menino-9m-18m","13":"first","14":"instock","15":"sold-individually","16":"taxable","17":"shipping-taxable","18":"purchasable","19":"product-type-variable"},"_links":{"self":[{"href":"https:\/\/bambinos.pt\/en\/wp-json\/wp\/v2\/product\/4915","targetHints":{"allow":["GET"]}}],"collection":[{"href":"https:\/\/bambinos.pt\/en\/wp-json\/wp\/v2\/product"}],"about":[{"href":"https:\/\/bambinos.pt\/en\/wp-json\/wp\/v2\/types\/product"}],"replies":[{"embeddable":true,"href":"https:\/\/bambinos.pt\/en\/wp-json\/wp\/v2\/comments?post=4915"}],"wp:featuredmedia":[{"embeddable":true,"href":"https:\/\/bambinos.pt\/en\/wp-json\/wp\/v2\/media\/4919"}],"wp:attachment":[{"href":"https:\/\/bambinos.pt\/en\/wp-json\/wp\/v2\/media?parent=4915"}],"wp:term":[{"taxonomy":"product_brand","embeddable":true,"href":"https:\/\/bambinos.pt\/en\/wp-json\/wp\/v2\/product_brand?post=4915"},{"taxonomy":"product_cat","embeddable":true,"href":"https:\/\/bambinos.pt\/en\/wp-json\/wp\/v2\/product_cat?post=4915"},{"taxonomy":"product_tag","embeddable":true,"href":"https:\/\/bambinos.pt\/en\/wp-json\/wp\/v2\/product_tag?post=4915"}],"curies":[{"name":"wp","href":"https:\/\/api.w.org\/{rel}","templated":true}]}}