{"id":5025,"date":"2025-11-20T16:11:22","date_gmt":"2025-11-20T16:11:22","guid":{"rendered":"https:\/\/bambinos.pt\/?post_type=product&#038;p=5025"},"modified":"2025-11-20T16:12:09","modified_gmt":"2025-11-20T16:12:09","slug":"meias-perna-alta-lisa","status":"publish","type":"product","link":"https:\/\/bambinos.pt\/en\/loja\/meias-perna-alta-lisa\/","title":{"rendered":"Meias Perna Alta Lisa Rec\u00e9m Nascido"},"content":{"rendered":"<p><strong>Meias Perna Alta Lisa Rec\u00e9m Nascido\u00a0<\/strong><\/p>\n<p>Composi\u00e7\u00e3o: 80% Algod\u00e3o 17% Poliamida 3% Elastano<\/p>\n<p>Fabricado em Portugal<\/p>","protected":false},"excerpt":{"rendered":"<p><strong>Meias Perna Alta Lisa Rec\u00e9m Nascido\u00a0<\/strong><\/p>\n<p>Composi\u00e7\u00e3o: 80% Algod\u00e3o 17% Poliamida 3% Elastano<\/p>\n<p>Fabricado em Portugal<\/p>","protected":false},"featured_media":5027,"comment_status":"closed","ping_status":"closed","template":"","meta":[],"product_brand":[],"product_cat":[48,65],"product_tag":[],"class_list":{"0":"post-5025","1":"product","2":"type-product","3":"status-publish","4":"has-post-thumbnail","6":"product_cat-meias","7":"product_cat-meias-acessorios-recem-nascido","9":"first","10":"instock","11":"sold-individually","12":"taxable","13":"shipping-taxable","14":"purchasable","15":"product-type-variable"},"_links":{"self":[{"href":"https:\/\/bambinos.pt\/en\/wp-json\/wp\/v2\/product\/5025","targetHints":{"allow":["GET"]}}],"collection":[{"href":"https:\/\/bambinos.pt\/en\/wp-json\/wp\/v2\/product"}],"about":[{"href":"https:\/\/bambinos.pt\/en\/wp-json\/wp\/v2\/types\/product"}],"replies":[{"embeddable":true,"href":"https:\/\/bambinos.pt\/en\/wp-json\/wp\/v2\/comments?post=5025"}],"wp:featuredmedia":[{"embeddable":true,"href":"https:\/\/bambinos.pt\/en\/wp-json\/wp\/v2\/media\/5027"}],"wp:attachment":[{"href":"https:\/\/bambinos.pt\/en\/wp-json\/wp\/v2\/media?parent=5025"}],"wp:term":[{"taxonomy":"product_brand","embeddable":true,"href":"https:\/\/bambinos.pt\/en\/wp-json\/wp\/v2\/product_brand?post=5025"},{"taxonomy":"product_cat","embeddable":true,"href":"https:\/\/bambinos.pt\/en\/wp-json\/wp\/v2\/product_cat?post=5025"},{"taxonomy":"product_tag","embeddable":true,"href":"https:\/\/bambinos.pt\/en\/wp-json\/wp\/v2\/product_tag?post=5025"}],"curies":[{"name":"wp","href":"https:\/\/api.w.org\/{rel}","templated":true}]}}