{"id":5217,"date":"2025-11-21T16:35:50","date_gmt":"2025-11-21T16:35:50","guid":{"rendered":"https:\/\/bambinos.pt\/?post_type=product&#038;p=5217"},"modified":"2025-11-21T16:36:24","modified_gmt":"2025-11-21T16:36:24","slug":"meia-perna-alta-lisa-menino","status":"publish","type":"product","link":"https:\/\/bambinos.pt\/en\/loja\/meia-perna-alta-lisa-menino\/","title":{"rendered":"Meias Perna Alta \u00abLisa\u00bb Menino"},"content":{"rendered":"<p><strong>Meias Perna Alta \u00abLisa\u00bb Menino<\/strong><\/p>\n<p>Composi\u00e7\u00e3o: 80% Algod\u00e3o 17% Poliamida 3% Elastano<\/p>\n<p>Fabricado em Portugal<\/p>","protected":false},"excerpt":{"rendered":"<p><strong>Meias Perna Alta \u00abLisa\u00bb Menino<\/strong><\/p>\n<p>Composi\u00e7\u00e3o: 80% Algod\u00e3o 17% Poliamida 3% Elastano<\/p>\n<p>Fabricado em Portugal<\/p>","protected":false},"featured_media":5218,"comment_status":"closed","ping_status":"closed","template":"","meta":[],"product_brand":[],"product_cat":[65,91,126],"product_tag":[],"class_list":{"0":"post-5217","1":"product","2":"type-product","3":"status-publish","4":"has-post-thumbnail","6":"product_cat-meias-acessorios-recem-nascido","7":"product_cat-meias-acessorios-bebe-menino-9m-18m","8":"product_cat-meias-acessorios-menino-24m-6a","10":"first","11":"instock","12":"sold-individually","13":"taxable","14":"shipping-taxable","15":"purchasable","16":"product-type-variable"},"_links":{"self":[{"href":"https:\/\/bambinos.pt\/en\/wp-json\/wp\/v2\/product\/5217","targetHints":{"allow":["GET"]}}],"collection":[{"href":"https:\/\/bambinos.pt\/en\/wp-json\/wp\/v2\/product"}],"about":[{"href":"https:\/\/bambinos.pt\/en\/wp-json\/wp\/v2\/types\/product"}],"replies":[{"embeddable":true,"href":"https:\/\/bambinos.pt\/en\/wp-json\/wp\/v2\/comments?post=5217"}],"wp:featuredmedia":[{"embeddable":true,"href":"https:\/\/bambinos.pt\/en\/wp-json\/wp\/v2\/media\/5218"}],"wp:attachment":[{"href":"https:\/\/bambinos.pt\/en\/wp-json\/wp\/v2\/media?parent=5217"}],"wp:term":[{"taxonomy":"product_brand","embeddable":true,"href":"https:\/\/bambinos.pt\/en\/wp-json\/wp\/v2\/product_brand?post=5217"},{"taxonomy":"product_cat","embeddable":true,"href":"https:\/\/bambinos.pt\/en\/wp-json\/wp\/v2\/product_cat?post=5217"},{"taxonomy":"product_tag","embeddable":true,"href":"https:\/\/bambinos.pt\/en\/wp-json\/wp\/v2\/product_tag?post=5217"}],"curies":[{"name":"wp","href":"https:\/\/api.w.org\/{rel}","templated":true}]}}